{"id":367,"date":"2017-02-21T12:45:35","date_gmt":"2017-02-21T11:45:35","guid":{"rendered":"http:\/\/develop.docbarcelona.com\/nodetopografia\/?page_id=367"},"modified":"2019-06-20T10:12:05","modified_gmt":"2019-06-20T09:12:05","slug":"sistema-integral-de-la-informacion-gis","status":"publish","type":"page","link":"https:\/\/node.cat\/es\/topografia\/sistema-integral-de-la-informacion-gis\/","title":{"rendered":"Sistema integral de la informaci\u00f3n GIS"},"content":{"rendered":"\n<h1 class=\"wp-block-heading\">Sistema integral de la informaci\u00f3n GIS<\/h1>\n\n\n\n<p>Destinado a administraciones p\u00fablicas, desde la divisi\u00f3n Node-GIS ofrecemos la posibilidad de cartografiar y hacer un seguimiento de todos los planos de su \u00e1rea local, para poder gestionar con herramientas de alta calidad sus cartograf\u00edas.<\/p>\n\n\n\n<p>Gracias a los levantamientos topogr\u00e1ficos de los elementos y los servicios presentes en un territorio, la Administraci\u00f3n tiene una informaci\u00f3n al d\u00eda y actualizada de todos los activos de su \u00e1rea. As\u00ed, puede dar informaci\u00f3n al contribuyente, estudiar qu\u00e9 servicios podr\u00edan mejorar la ciudad y dar respuesta a problemas existentes en los servicios actuales. Esta cartograf\u00eda actualizada y de calidad tiene un gran impacto a la hora de la planificaci\u00f3n urban\u00edstica municipal o la gesti\u00f3n de las redes p\u00fablicas.<\/p>\n\n\n\n<p>Des de Node-GIS se obtiene toda la informaci\u00f3n para cartografiar el \u00e1rea solicitada a trav\u00e9s de un levantamiento de todos los puntos singulares de la red, referenciados en coordenadas UTM, y en colaboraci\u00f3n con la Administraci\u00f3n que ha solicitado el servicio se confecciona una base de datos.<\/p>\n\n\n\n<p>Tambi\u00e9n ofrecemos a las administraciones un servicio de mantenimiento de estas informaciones, que se ofrece a trav\u00e9s de programas como CAD o MicroStation.<\/p>\n","protected":false},"excerpt":{"rendered":"<p>Sistema integral de la informaci\u00f3n GIS Destinado a administraciones p\u00fablicas, desde la divisi\u00f3n Node-GIS ofrecemos la posibilidad de cartografiar y [&hellip;]<\/p>\n","protected":false},"author":1,"featured_media":203,"parent":351,"menu_order":0,"comment_status":"closed","ping_status":"closed","template":"template-topografia.php","meta":{"inline_featured_image":false,"footnotes":""},"yoast_head":"<!-- This site is optimized with the Yoast SEO plugin v22.6 - https:\/\/yoast.com\/wordpress\/plugins\/seo\/ -->\n<title>Sistema integral de la informaci\u00f3n GIS - Node Topograf\u00eda<\/title>\n<meta name=\"description\" content=\"Destinado a administraciones p\u00fablicas, desde la divisi\u00f3n Node-GIS ofrecemos la posibilidad de cartografiar y hacer un seguimiento de todos los planos\" \/>\n<meta name=\"robots\" content=\"index, follow, max-snippet:-1, max-image-preview:large, max-video-preview:-1\" \/>\n<link rel=\"canonical\" href=\"https:\/\/node.cat\/topografia\/sistema-integral-de-la-informacio-gis\/\" \/>\n<meta property=\"og:locale\" content=\"es_ES\" \/>\n<meta property=\"og:type\" content=\"article\" \/>\n<meta property=\"og:title\" content=\"Sistema integral de la informaci\u00f3n GIS - Node Topograf\u00eda\" \/>\n<meta property=\"og:description\" content=\"Destinado a administraciones p\u00fablicas, desde la divisi\u00f3n Node-GIS ofrecemos la posibilidad de cartografiar y hacer un seguimiento de todos los planos\" \/>\n<meta property=\"og:url\" content=\"https:\/\/node.cat\/topografia\/sistema-integral-de-la-informacio-gis\/\" \/>\n<meta property=\"og:site_name\" content=\"Node Topograf\u00eda\" \/>\n<meta property=\"article:modified_time\" content=\"2019-06-20T09:12:05+00:00\" \/>\n<meta property=\"og:image\" content=\"https:\/\/node.cat\/wp-content\/uploads\/2017\/02\/node_topografia_GIS_2.jpg\" \/>\n\t<meta property=\"og:image:width\" content=\"1007\" \/>\n\t<meta property=\"og:image:height\" content=\"667\" \/>\n\t<meta property=\"og:image:type\" content=\"image\/jpeg\" \/>\n<meta name=\"twitter:card\" content=\"summary_large_image\" \/>\n<meta name=\"twitter:label1\" content=\"Tiempo de lectura\" \/>\n\t<meta name=\"twitter:data1\" content=\"1 minuto\" \/>\n<script type=\"application\/ld+json\" class=\"yoast-schema-graph\">{\"@context\":\"https:\/\/schema.org\",\"@graph\":[{\"@type\":\"WebPage\",\"@id\":\"https:\/\/node.cat\/topografia\/sistema-integral-de-la-informacio-gis\/\",\"url\":\"https:\/\/node.cat\/topografia\/sistema-integral-de-la-informacio-gis\/\",\"name\":\"Sistema integral de la informaci\u00f3n GIS - Node Topograf\u00eda\",\"isPartOf\":{\"@id\":\"https:\/\/node.cat\/#website\"},\"primaryImageOfPage\":{\"@id\":\"https:\/\/node.cat\/topografia\/sistema-integral-de-la-informacio-gis\/#primaryimage\"},\"image\":{\"@id\":\"https:\/\/node.cat\/topografia\/sistema-integral-de-la-informacio-gis\/#primaryimage\"},\"thumbnailUrl\":\"https:\/\/node.cat\/wp-content\/uploads\/2017\/02\/node_topografia_GIS_2.jpg\",\"datePublished\":\"2017-02-21T11:45:35+00:00\",\"dateModified\":\"2019-06-20T09:12:05+00:00\",\"description\":\"Destinado a administraciones p\u00fablicas, desde la divisi\u00f3n Node-GIS ofrecemos la posibilidad de cartografiar y hacer un seguimiento de todos los planos\",\"breadcrumb\":{\"@id\":\"https:\/\/node.cat\/topografia\/sistema-integral-de-la-informacio-gis\/#breadcrumb\"},\"inLanguage\":\"es\",\"potentialAction\":[{\"@type\":\"ReadAction\",\"target\":[\"https:\/\/node.cat\/topografia\/sistema-integral-de-la-informacio-gis\/\"]}]},{\"@type\":\"ImageObject\",\"inLanguage\":\"es\",\"@id\":\"https:\/\/node.cat\/topografia\/sistema-integral-de-la-informacio-gis\/#primaryimage\",\"url\":\"https:\/\/node.cat\/wp-content\/uploads\/2017\/02\/node_topografia_GIS_2.jpg\",\"contentUrl\":\"https:\/\/node.cat\/wp-content\/uploads\/2017\/02\/node_topografia_GIS_2.jpg\",\"width\":1007,\"height\":667},{\"@type\":\"BreadcrumbList\",\"@id\":\"https:\/\/node.cat\/topografia\/sistema-integral-de-la-informacio-gis\/#breadcrumb\",\"itemListElement\":[{\"@type\":\"ListItem\",\"position\":1,\"name\":\"Inici\",\"item\":\"https:\/\/node.cat\/es\/\"},{\"@type\":\"ListItem\",\"position\":2,\"name\":\"Topograf\u00eda\",\"item\":\"https:\/\/node.cat\/es\/topografia\/\"},{\"@type\":\"ListItem\",\"position\":3,\"name\":\"Sistema integral de la informaci\u00f3n GIS\"}]},{\"@type\":\"WebSite\",\"@id\":\"https:\/\/node.cat\/#website\",\"url\":\"https:\/\/node.cat\/\",\"name\":\"Node Topograf\u00eda\",\"description\":\"Servicios para profesionales, agentes de la construcci\u00f3n, promotores y particulares\",\"publisher\":{\"@id\":\"https:\/\/node.cat\/#organization\"},\"potentialAction\":[{\"@type\":\"SearchAction\",\"target\":{\"@type\":\"EntryPoint\",\"urlTemplate\":\"https:\/\/node.cat\/?s={search_term_string}\"},\"query-input\":\"required name=search_term_string\"}],\"inLanguage\":\"es\"},{\"@type\":\"Organization\",\"@id\":\"https:\/\/node.cat\/#organization\",\"name\":\"Node\",\"url\":\"https:\/\/node.cat\/\",\"logo\":{\"@type\":\"ImageObject\",\"inLanguage\":\"es\",\"@id\":\"https:\/\/node.cat\/#\/schema\/logo\/image\/\",\"url\":\"https:\/\/node.cat\/wp-content\/uploads\/2019\/02\/Node_topo.svg\",\"contentUrl\":\"https:\/\/node.cat\/wp-content\/uploads\/2019\/02\/Node_topo.svg\",\"width\":1,\"height\":1,\"caption\":\"Node\"},\"image\":{\"@id\":\"https:\/\/node.cat\/#\/schema\/logo\/image\/\"}}]}<\/script>\n<!-- \/ Yoast SEO plugin. -->","yoast_head_json":{"title":"Sistema integral de la informaci\u00f3n GIS - Node Topograf\u00eda","description":"Destinado a administraciones p\u00fablicas, desde la divisi\u00f3n Node-GIS ofrecemos la posibilidad de cartografiar y hacer un seguimiento de todos los planos","robots":{"index":"index","follow":"follow","max-snippet":"max-snippet:-1","max-image-preview":"max-image-preview:large","max-video-preview":"max-video-preview:-1"},"canonical":"https:\/\/node.cat\/topografia\/sistema-integral-de-la-informacio-gis\/","og_locale":"es_ES","og_type":"article","og_title":"Sistema integral de la informaci\u00f3n GIS - Node Topograf\u00eda","og_description":"Destinado a administraciones p\u00fablicas, desde la divisi\u00f3n Node-GIS ofrecemos la posibilidad de cartografiar y hacer un seguimiento de todos los planos","og_url":"https:\/\/node.cat\/topografia\/sistema-integral-de-la-informacio-gis\/","og_site_name":"Node Topograf\u00eda","article_modified_time":"2019-06-20T09:12:05+00:00","og_image":[{"width":1007,"height":667,"url":"https:\/\/node.cat\/wp-content\/uploads\/2017\/02\/node_topografia_GIS_2.jpg","type":"image\/jpeg"}],"twitter_card":"summary_large_image","twitter_misc":{"Tiempo de lectura":"1 minuto"},"schema":{"@context":"https:\/\/schema.org","@graph":[{"@type":"WebPage","@id":"https:\/\/node.cat\/topografia\/sistema-integral-de-la-informacio-gis\/","url":"https:\/\/node.cat\/topografia\/sistema-integral-de-la-informacio-gis\/","name":"Sistema integral de la informaci\u00f3n GIS - Node Topograf\u00eda","isPartOf":{"@id":"https:\/\/node.cat\/#website"},"primaryImageOfPage":{"@id":"https:\/\/node.cat\/topografia\/sistema-integral-de-la-informacio-gis\/#primaryimage"},"image":{"@id":"https:\/\/node.cat\/topografia\/sistema-integral-de-la-informacio-gis\/#primaryimage"},"thumbnailUrl":"https:\/\/node.cat\/wp-content\/uploads\/2017\/02\/node_topografia_GIS_2.jpg","datePublished":"2017-02-21T11:45:35+00:00","dateModified":"2019-06-20T09:12:05+00:00","description":"Destinado a administraciones p\u00fablicas, desde la divisi\u00f3n Node-GIS ofrecemos la posibilidad de cartografiar y hacer un seguimiento de todos los planos","breadcrumb":{"@id":"https:\/\/node.cat\/topografia\/sistema-integral-de-la-informacio-gis\/#breadcrumb"},"inLanguage":"es","potentialAction":[{"@type":"ReadAction","target":["https:\/\/node.cat\/topografia\/sistema-integral-de-la-informacio-gis\/"]}]},{"@type":"ImageObject","inLanguage":"es","@id":"https:\/\/node.cat\/topografia\/sistema-integral-de-la-informacio-gis\/#primaryimage","url":"https:\/\/node.cat\/wp-content\/uploads\/2017\/02\/node_topografia_GIS_2.jpg","contentUrl":"https:\/\/node.cat\/wp-content\/uploads\/2017\/02\/node_topografia_GIS_2.jpg","width":1007,"height":667},{"@type":"BreadcrumbList","@id":"https:\/\/node.cat\/topografia\/sistema-integral-de-la-informacio-gis\/#breadcrumb","itemListElement":[{"@type":"ListItem","position":1,"name":"Inici","item":"https:\/\/node.cat\/es\/"},{"@type":"ListItem","position":2,"name":"Topograf\u00eda","item":"https:\/\/node.cat\/es\/topografia\/"},{"@type":"ListItem","position":3,"name":"Sistema integral de la informaci\u00f3n GIS"}]},{"@type":"WebSite","@id":"https:\/\/node.cat\/#website","url":"https:\/\/node.cat\/","name":"Node Topograf\u00eda","description":"Servicios para profesionales, agentes de la construcci\u00f3n, promotores y particulares","publisher":{"@id":"https:\/\/node.cat\/#organization"},"potentialAction":[{"@type":"SearchAction","target":{"@type":"EntryPoint","urlTemplate":"https:\/\/node.cat\/?s={search_term_string}"},"query-input":"required name=search_term_string"}],"inLanguage":"es"},{"@type":"Organization","@id":"https:\/\/node.cat\/#organization","name":"Node","url":"https:\/\/node.cat\/","logo":{"@type":"ImageObject","inLanguage":"es","@id":"https:\/\/node.cat\/#\/schema\/logo\/image\/","url":"https:\/\/node.cat\/wp-content\/uploads\/2019\/02\/Node_topo.svg","contentUrl":"https:\/\/node.cat\/wp-content\/uploads\/2019\/02\/Node_topo.svg","width":1,"height":1,"caption":"Node"},"image":{"@id":"https:\/\/node.cat\/#\/schema\/logo\/image\/"}}]}},"_links":{"self":[{"href":"https:\/\/node.cat\/es\/wp-json\/wp\/v2\/pages\/367"}],"collection":[{"href":"https:\/\/node.cat\/es\/wp-json\/wp\/v2\/pages"}],"about":[{"href":"https:\/\/node.cat\/es\/wp-json\/wp\/v2\/types\/page"}],"author":[{"embeddable":true,"href":"https:\/\/node.cat\/es\/wp-json\/wp\/v2\/users\/1"}],"replies":[{"embeddable":true,"href":"https:\/\/node.cat\/es\/wp-json\/wp\/v2\/comments?post=367"}],"version-history":[{"count":4,"href":"https:\/\/node.cat\/es\/wp-json\/wp\/v2\/pages\/367\/revisions"}],"predecessor-version":[{"id":1489,"href":"https:\/\/node.cat\/es\/wp-json\/wp\/v2\/pages\/367\/revisions\/1489"}],"up":[{"embeddable":true,"href":"https:\/\/node.cat\/es\/wp-json\/wp\/v2\/pages\/351"}],"wp:featuredmedia":[{"embeddable":true,"href":"https:\/\/node.cat\/es\/wp-json\/wp\/v2\/media\/203"}],"wp:attachment":[{"href":"https:\/\/node.cat\/es\/wp-json\/wp\/v2\/media?parent=367"}],"curies":[{"name":"wp","href":"https:\/\/api.w.org\/{rel}","templated":true}]}}