{"id":365,"date":"2017-02-21T12:45:17","date_gmt":"2017-02-21T11:45:17","guid":{"rendered":"http:\/\/develop.docbarcelona.com\/nodetopografia\/?page_id=365"},"modified":"2019-06-20T10:10:57","modified_gmt":"2019-06-20T09:10:57","slug":"replanteos-de-obra-civil","status":"publish","type":"page","link":"https:\/\/node.cat\/es\/topografia\/replanteos-de-obra-civil\/","title":{"rendered":"Replanteos de obra civil, de parcelas y de cimentaci\u00f3n"},"content":{"rendered":"<h1>Replanteos de obra civil, de parcelas y de cimentaci\u00f3n<\/h1>\n<p>Los replanteos de parcela, y cimentaci\u00f3n representan un proyecto dentro de un emplazamiento real, es decir, trasladan fielmente al terreno las dimensiones y las formas que se indican en los planos de la documentaci\u00f3n t\u00e9cnica de la obra. Podr\u00eda considerarse el proceso inverso a la toma de datos.<\/p>\n<h3>Replanteos de edificaci\u00f3n<\/h3>\n<p>Este tipo de replanteo se hace seg\u00fan el planos de cimientos y estructuras, y define las diferentes plataformas y ejes seg\u00fan las coordenadas X, Y, Z.<\/p>\n<h3>Replanteos de obra civil y parcelas<\/h3>\n<p>Se representan viales, alineaciones de parcelas o redes de alcantarillado, de manera fiel al proyecto de ejecuci\u00f3n.<\/p>\n<h3>Replanteos de cimentaciones<\/h3>\n<p>En estos replanteos se representan sobre el terreno todos los elementos de cimentaci\u00f3n: pilares, cimientos, forjados.<\/p>\n","protected":false},"excerpt":{"rendered":"<p>Replanteos de obra civil, de parcelas y de cimentaci\u00f3n Los replanteos de parcela, y cimentaci\u00f3n representan un proyecto dentro de [&hellip;]<\/p>\n","protected":false},"author":1,"featured_media":184,"parent":351,"menu_order":0,"comment_status":"closed","ping_status":"closed","template":"template-topografia.php","meta":{"inline_featured_image":false,"footnotes":""},"yoast_head":"<!-- This site is optimized with the Yoast SEO plugin v22.6 - https:\/\/yoast.com\/wordpress\/plugins\/seo\/ -->\n<title>Replanteos de obra civil, de parcelas y de cimentaci\u00f3n - Node Topograf\u00eda<\/title>\n<meta name=\"description\" content=\"Los replanteos de obra civil, parcelas y cimentaci\u00f3n trasladan fielmente al terreno las dimensiones y las formas que se indican en los planos\" \/>\n<meta name=\"robots\" content=\"index, follow, max-snippet:-1, max-image-preview:large, max-video-preview:-1\" \/>\n<link rel=\"canonical\" href=\"https:\/\/node.cat\/es\/topografia\/replanteos-de-obra-civil\/\" \/>\n<meta property=\"og:locale\" content=\"es_ES\" \/>\n<meta property=\"og:type\" content=\"article\" \/>\n<meta property=\"og:title\" content=\"Replanteos de obra civil, de parcelas y de cimentaci\u00f3n - Node Topograf\u00eda\" \/>\n<meta property=\"og:description\" content=\"Los replanteos de obra civil, parcelas y cimentaci\u00f3n trasladan fielmente al terreno las dimensiones y las formas que se indican en los planos\" \/>\n<meta property=\"og:url\" content=\"https:\/\/node.cat\/es\/topografia\/replanteos-de-obra-civil\/\" \/>\n<meta property=\"og:site_name\" content=\"Node Topograf\u00eda\" \/>\n<meta property=\"article:modified_time\" content=\"2019-06-20T09:10:57+00:00\" \/>\n<meta property=\"og:image\" content=\"https:\/\/node.cat\/wp-content\/uploads\/2017\/02\/node_topografia_replantejos_4.jpg\" \/>\n\t<meta property=\"og:image:width\" content=\"638\" \/>\n\t<meta property=\"og:image:height\" content=\"638\" \/>\n\t<meta property=\"og:image:type\" content=\"image\/jpeg\" \/>\n<meta name=\"twitter:card\" content=\"summary_large_image\" \/>\n<meta name=\"twitter:label1\" content=\"Tiempo de lectura\" \/>\n\t<meta name=\"twitter:data1\" content=\"1 minuto\" \/>\n<script type=\"application\/ld+json\" class=\"yoast-schema-graph\">{\"@context\":\"https:\/\/schema.org\",\"@graph\":[{\"@type\":\"WebPage\",\"@id\":\"https:\/\/node.cat\/es\/topografia\/replanteos-de-obra-civil\/\",\"url\":\"https:\/\/node.cat\/es\/topografia\/replanteos-de-obra-civil\/\",\"name\":\"Replanteos de obra civil, de parcelas y de cimentaci\u00f3n - Node Topograf\u00eda\",\"isPartOf\":{\"@id\":\"https:\/\/node.cat\/#website\"},\"primaryImageOfPage\":{\"@id\":\"https:\/\/node.cat\/es\/topografia\/replanteos-de-obra-civil\/#primaryimage\"},\"image\":{\"@id\":\"https:\/\/node.cat\/es\/topografia\/replanteos-de-obra-civil\/#primaryimage\"},\"thumbnailUrl\":\"https:\/\/node.cat\/wp-content\/uploads\/2017\/02\/node_topografia_replantejos_4.jpg\",\"datePublished\":\"2017-02-21T11:45:17+00:00\",\"dateModified\":\"2019-06-20T09:10:57+00:00\",\"description\":\"Los replanteos de obra civil, parcelas y cimentaci\u00f3n trasladan fielmente al terreno las dimensiones y las formas que se indican en los planos\",\"breadcrumb\":{\"@id\":\"https:\/\/node.cat\/es\/topografia\/replanteos-de-obra-civil\/#breadcrumb\"},\"inLanguage\":\"es\",\"potentialAction\":[{\"@type\":\"ReadAction\",\"target\":[\"https:\/\/node.cat\/es\/topografia\/replanteos-de-obra-civil\/\"]}]},{\"@type\":\"ImageObject\",\"inLanguage\":\"es\",\"@id\":\"https:\/\/node.cat\/es\/topografia\/replanteos-de-obra-civil\/#primaryimage\",\"url\":\"https:\/\/node.cat\/wp-content\/uploads\/2017\/02\/node_topografia_replantejos_4.jpg\",\"contentUrl\":\"https:\/\/node.cat\/wp-content\/uploads\/2017\/02\/node_topografia_replantejos_4.jpg\",\"width\":638,\"height\":638},{\"@type\":\"BreadcrumbList\",\"@id\":\"https:\/\/node.cat\/es\/topografia\/replanteos-de-obra-civil\/#breadcrumb\",\"itemListElement\":[{\"@type\":\"ListItem\",\"position\":1,\"name\":\"Inici\",\"item\":\"https:\/\/node.cat\/es\/\"},{\"@type\":\"ListItem\",\"position\":2,\"name\":\"Topograf\u00eda\",\"item\":\"https:\/\/node.cat\/es\/topografia\/\"},{\"@type\":\"ListItem\",\"position\":3,\"name\":\"Replanteos de obra civil, de parcelas y de cimentaci\u00f3n\"}]},{\"@type\":\"WebSite\",\"@id\":\"https:\/\/node.cat\/#website\",\"url\":\"https:\/\/node.cat\/\",\"name\":\"Node Topograf\u00eda\",\"description\":\"Servicios para profesionales, agentes de la construcci\u00f3n, promotores y particulares\",\"publisher\":{\"@id\":\"https:\/\/node.cat\/#organization\"},\"potentialAction\":[{\"@type\":\"SearchAction\",\"target\":{\"@type\":\"EntryPoint\",\"urlTemplate\":\"https:\/\/node.cat\/?s={search_term_string}\"},\"query-input\":\"required name=search_term_string\"}],\"inLanguage\":\"es\"},{\"@type\":\"Organization\",\"@id\":\"https:\/\/node.cat\/#organization\",\"name\":\"Node\",\"url\":\"https:\/\/node.cat\/\",\"logo\":{\"@type\":\"ImageObject\",\"inLanguage\":\"es\",\"@id\":\"https:\/\/node.cat\/#\/schema\/logo\/image\/\",\"url\":\"https:\/\/node.cat\/wp-content\/uploads\/2019\/02\/Node_topo.svg\",\"contentUrl\":\"https:\/\/node.cat\/wp-content\/uploads\/2019\/02\/Node_topo.svg\",\"width\":1,\"height\":1,\"caption\":\"Node\"},\"image\":{\"@id\":\"https:\/\/node.cat\/#\/schema\/logo\/image\/\"}}]}<\/script>\n<!-- \/ Yoast SEO plugin. -->","yoast_head_json":{"title":"Replanteos de obra civil, de parcelas y de cimentaci\u00f3n - Node Topograf\u00eda","description":"Los replanteos de obra civil, parcelas y cimentaci\u00f3n trasladan fielmente al terreno las dimensiones y las formas que se indican en los planos","robots":{"index":"index","follow":"follow","max-snippet":"max-snippet:-1","max-image-preview":"max-image-preview:large","max-video-preview":"max-video-preview:-1"},"canonical":"https:\/\/node.cat\/es\/topografia\/replanteos-de-obra-civil\/","og_locale":"es_ES","og_type":"article","og_title":"Replanteos de obra civil, de parcelas y de cimentaci\u00f3n - Node Topograf\u00eda","og_description":"Los replanteos de obra civil, parcelas y cimentaci\u00f3n trasladan fielmente al terreno las dimensiones y las formas que se indican en los planos","og_url":"https:\/\/node.cat\/es\/topografia\/replanteos-de-obra-civil\/","og_site_name":"Node Topograf\u00eda","article_modified_time":"2019-06-20T09:10:57+00:00","og_image":[{"width":638,"height":638,"url":"https:\/\/node.cat\/wp-content\/uploads\/2017\/02\/node_topografia_replantejos_4.jpg","type":"image\/jpeg"}],"twitter_card":"summary_large_image","twitter_misc":{"Tiempo de lectura":"1 minuto"},"schema":{"@context":"https:\/\/schema.org","@graph":[{"@type":"WebPage","@id":"https:\/\/node.cat\/es\/topografia\/replanteos-de-obra-civil\/","url":"https:\/\/node.cat\/es\/topografia\/replanteos-de-obra-civil\/","name":"Replanteos de obra civil, de parcelas y de cimentaci\u00f3n - Node Topograf\u00eda","isPartOf":{"@id":"https:\/\/node.cat\/#website"},"primaryImageOfPage":{"@id":"https:\/\/node.cat\/es\/topografia\/replanteos-de-obra-civil\/#primaryimage"},"image":{"@id":"https:\/\/node.cat\/es\/topografia\/replanteos-de-obra-civil\/#primaryimage"},"thumbnailUrl":"https:\/\/node.cat\/wp-content\/uploads\/2017\/02\/node_topografia_replantejos_4.jpg","datePublished":"2017-02-21T11:45:17+00:00","dateModified":"2019-06-20T09:10:57+00:00","description":"Los replanteos de obra civil, parcelas y cimentaci\u00f3n trasladan fielmente al terreno las dimensiones y las formas que se indican en los planos","breadcrumb":{"@id":"https:\/\/node.cat\/es\/topografia\/replanteos-de-obra-civil\/#breadcrumb"},"inLanguage":"es","potentialAction":[{"@type":"ReadAction","target":["https:\/\/node.cat\/es\/topografia\/replanteos-de-obra-civil\/"]}]},{"@type":"ImageObject","inLanguage":"es","@id":"https:\/\/node.cat\/es\/topografia\/replanteos-de-obra-civil\/#primaryimage","url":"https:\/\/node.cat\/wp-content\/uploads\/2017\/02\/node_topografia_replantejos_4.jpg","contentUrl":"https:\/\/node.cat\/wp-content\/uploads\/2017\/02\/node_topografia_replantejos_4.jpg","width":638,"height":638},{"@type":"BreadcrumbList","@id":"https:\/\/node.cat\/es\/topografia\/replanteos-de-obra-civil\/#breadcrumb","itemListElement":[{"@type":"ListItem","position":1,"name":"Inici","item":"https:\/\/node.cat\/es\/"},{"@type":"ListItem","position":2,"name":"Topograf\u00eda","item":"https:\/\/node.cat\/es\/topografia\/"},{"@type":"ListItem","position":3,"name":"Replanteos de obra civil, de parcelas y de cimentaci\u00f3n"}]},{"@type":"WebSite","@id":"https:\/\/node.cat\/#website","url":"https:\/\/node.cat\/","name":"Node Topograf\u00eda","description":"Servicios para profesionales, agentes de la construcci\u00f3n, promotores y particulares","publisher":{"@id":"https:\/\/node.cat\/#organization"},"potentialAction":[{"@type":"SearchAction","target":{"@type":"EntryPoint","urlTemplate":"https:\/\/node.cat\/?s={search_term_string}"},"query-input":"required name=search_term_string"}],"inLanguage":"es"},{"@type":"Organization","@id":"https:\/\/node.cat\/#organization","name":"Node","url":"https:\/\/node.cat\/","logo":{"@type":"ImageObject","inLanguage":"es","@id":"https:\/\/node.cat\/#\/schema\/logo\/image\/","url":"https:\/\/node.cat\/wp-content\/uploads\/2019\/02\/Node_topo.svg","contentUrl":"https:\/\/node.cat\/wp-content\/uploads\/2019\/02\/Node_topo.svg","width":1,"height":1,"caption":"Node"},"image":{"@id":"https:\/\/node.cat\/#\/schema\/logo\/image\/"}}]}},"_links":{"self":[{"href":"https:\/\/node.cat\/es\/wp-json\/wp\/v2\/pages\/365"}],"collection":[{"href":"https:\/\/node.cat\/es\/wp-json\/wp\/v2\/pages"}],"about":[{"href":"https:\/\/node.cat\/es\/wp-json\/wp\/v2\/types\/page"}],"author":[{"embeddable":true,"href":"https:\/\/node.cat\/es\/wp-json\/wp\/v2\/users\/1"}],"replies":[{"embeddable":true,"href":"https:\/\/node.cat\/es\/wp-json\/wp\/v2\/comments?post=365"}],"version-history":[{"count":5,"href":"https:\/\/node.cat\/es\/wp-json\/wp\/v2\/pages\/365\/revisions"}],"predecessor-version":[{"id":1488,"href":"https:\/\/node.cat\/es\/wp-json\/wp\/v2\/pages\/365\/revisions\/1488"}],"up":[{"embeddable":true,"href":"https:\/\/node.cat\/es\/wp-json\/wp\/v2\/pages\/351"}],"wp:featuredmedia":[{"embeddable":true,"href":"https:\/\/node.cat\/es\/wp-json\/wp\/v2\/media\/184"}],"wp:attachment":[{"href":"https:\/\/node.cat\/es\/wp-json\/wp\/v2\/media?parent=365"}],"curies":[{"name":"wp","href":"https:\/\/api.w.org\/{rel}","templated":true}]}}