{"id":361,"date":"2017-02-21T12:44:23","date_gmt":"2017-02-21T11:44:23","guid":{"rendered":"http:\/\/develop.docbarcelona.com\/nodetopografia\/?page_id=361"},"modified":"2019-06-20T09:57:06","modified_gmt":"2019-06-20T08:57:06","slug":"georeferenciacio-de-finques-gml","status":"publish","type":"page","link":"https:\/\/node.cat\/es\/topografia\/georeferenciacio-de-finques-gml\/","title":{"rendered":"Georeferenciaci\u00f3 de finques (GML)"},"content":{"rendered":"<h1>Georeferenciaci\u00f3n de fincas (GML)<\/h1>\n<p>Ofrecemos este tr\u00e1mite con el Registro de la Propiedad para validar datos georreferenciados de una parcela. La firma de este archivo GML se hace cuando se ha realizado una Validaci\u00f3n Gr\u00e1fica Alternativa (VGA), que se introduce dentro de la misma p\u00e1gina web del Cadastre.<\/p>\n<p>Esta VGA siempre ser\u00e1 necesaria, ya se utilice la base catastral georeferenciada como si se elabora. Y es que la VGA genera un informe positivo o negativo, e incorpora un c\u00f3digo seguro de verificaci\u00f3n, as\u00ed como los datos del t\u00e9cnico competente, su titulaci\u00f3n y el colegio profesional del que es miembro.<\/p>\n<p>En el caso de validaciones de los archivos GML de edificios, el Catastro no dispone de ninguna herramienta para hacerlo, y lo \u00fanico que hace es comprobar el encaje del edificio en los l\u00edmites de su parcel\u00b7la.Per este motivo, no se valida el archivo GML de ning\u00fan edificio, ya que se puede generar mediante una aplicaci\u00f3n del propio Colegio de Top\u00f3grafos (accesible desde la web del Catastro) y que incluye la informaci\u00f3n de la superficie del edificio , su uso y las plantas que contiene.<\/p>\n<h3>Gesti\u00f3n de datos catastrales<\/h3>\n<p>Ofrecemos el mantenimiento y tr\u00e1mites como altas bajas o modificaciones de los datos catastrales para la valoraci\u00f3n de bienes inmuebles r\u00fasticos (FINRUS). Del mismo modo, tambi\u00e9n gestionamos expedientes catastrales 901 (para cambio de dominio de urbana) y 902 (por alteraciones catastrales por obra nueva u otras alteraciones y correcciones de datos de la finca).<\/p>\n<h3>Cartograf\u00eda y cruces de datos<\/h3>\n<p>Tambi\u00e9n realizamos trabajos de cruce de datos entre la cartograf\u00eda catastral urbana ya informatizada y las bases de datos catastrales alfanum\u00e9ricas. Este servicio comprende la implantaci\u00f3n en la cartograf\u00eda de parcelas inexistentes, la actualizaci\u00f3n de cartograf\u00eda para adecuar superficies que tengan diferencias de suelo superiores al 10% respecto del FINURB y \/ o de construcci\u00f3n superiores al 25%. Tambi\u00e9n incluye correcci\u00f3n de errores de superficie.<\/p>\n","protected":false},"excerpt":{"rendered":"<p>Georeferenciaci\u00f3n de fincas (GML) Ofrecemos este tr\u00e1mite con el Registro de la Propiedad para validar datos georreferenciados de una parcela. [&hellip;]<\/p>\n","protected":false},"author":1,"featured_media":207,"parent":351,"menu_order":0,"comment_status":"closed","ping_status":"closed","template":"template-topografia.php","meta":{"inline_featured_image":false,"footnotes":""},"yoast_head":"<!-- This site is optimized with the Yoast SEO plugin v22.6 - https:\/\/yoast.com\/wordpress\/plugins\/seo\/ -->\n<title>Georeferenciaci\u00f3 de finques (GML) - Node Topograf\u00eda<\/title>\n<meta name=\"description\" content=\"Ofrecemos este tr\u00e1mite con el Registro de la Propiedad para validar datos georreferenciados de una parcela. La firma se hace cuando se ha realizado una VGA\" \/>\n<meta name=\"robots\" content=\"index, follow, max-snippet:-1, max-image-preview:large, max-video-preview:-1\" \/>\n<link rel=\"canonical\" href=\"https:\/\/node.cat\/topografia\/georeferenciacio-de-finques\/\" \/>\n<meta property=\"og:locale\" content=\"es_ES\" \/>\n<meta property=\"og:type\" content=\"article\" \/>\n<meta property=\"og:title\" content=\"Georeferenciaci\u00f3 de finques (GML) - Node Topograf\u00eda\" \/>\n<meta property=\"og:description\" content=\"Ofrecemos este tr\u00e1mite con el Registro de la Propiedad para validar datos georreferenciados de una parcela. La firma se hace cuando se ha realizado una VGA\" \/>\n<meta property=\"og:url\" content=\"https:\/\/node.cat\/topografia\/georeferenciacio-de-finques\/\" \/>\n<meta property=\"og:site_name\" content=\"Node Topograf\u00eda\" \/>\n<meta property=\"article:modified_time\" content=\"2019-06-20T08:57:06+00:00\" \/>\n<meta property=\"og:image\" content=\"https:\/\/node.cat\/wp-content\/uploads\/2017\/02\/georef1_s.jpg\" \/>\n\t<meta property=\"og:image:width\" content=\"1200\" \/>\n\t<meta property=\"og:image:height\" content=\"1198\" \/>\n\t<meta property=\"og:image:type\" content=\"image\/jpeg\" \/>\n<meta name=\"twitter:card\" content=\"summary_large_image\" \/>\n<meta name=\"twitter:label1\" content=\"Tiempo de lectura\" \/>\n\t<meta name=\"twitter:data1\" content=\"2 minutos\" \/>\n<script type=\"application\/ld+json\" class=\"yoast-schema-graph\">{\"@context\":\"https:\/\/schema.org\",\"@graph\":[{\"@type\":\"WebPage\",\"@id\":\"https:\/\/node.cat\/topografia\/georeferenciacio-de-finques\/\",\"url\":\"https:\/\/node.cat\/topografia\/georeferenciacio-de-finques\/\",\"name\":\"Georeferenciaci\u00f3 de finques (GML) - Node Topograf\u00eda\",\"isPartOf\":{\"@id\":\"https:\/\/node.cat\/#website\"},\"primaryImageOfPage\":{\"@id\":\"https:\/\/node.cat\/topografia\/georeferenciacio-de-finques\/#primaryimage\"},\"image\":{\"@id\":\"https:\/\/node.cat\/topografia\/georeferenciacio-de-finques\/#primaryimage\"},\"thumbnailUrl\":\"https:\/\/node.cat\/wp-content\/uploads\/2017\/02\/georef1_s.jpg\",\"datePublished\":\"2017-02-21T11:44:23+00:00\",\"dateModified\":\"2019-06-20T08:57:06+00:00\",\"description\":\"Ofrecemos este tr\u00e1mite con el Registro de la Propiedad para validar datos georreferenciados de una parcela. La firma se hace cuando se ha realizado una VGA\",\"breadcrumb\":{\"@id\":\"https:\/\/node.cat\/topografia\/georeferenciacio-de-finques\/#breadcrumb\"},\"inLanguage\":\"es\",\"potentialAction\":[{\"@type\":\"ReadAction\",\"target\":[\"https:\/\/node.cat\/topografia\/georeferenciacio-de-finques\/\"]}]},{\"@type\":\"ImageObject\",\"inLanguage\":\"es\",\"@id\":\"https:\/\/node.cat\/topografia\/georeferenciacio-de-finques\/#primaryimage\",\"url\":\"https:\/\/node.cat\/wp-content\/uploads\/2017\/02\/georef1_s.jpg\",\"contentUrl\":\"https:\/\/node.cat\/wp-content\/uploads\/2017\/02\/georef1_s.jpg\",\"width\":1200,\"height\":1198},{\"@type\":\"BreadcrumbList\",\"@id\":\"https:\/\/node.cat\/topografia\/georeferenciacio-de-finques\/#breadcrumb\",\"itemListElement\":[{\"@type\":\"ListItem\",\"position\":1,\"name\":\"Inici\",\"item\":\"https:\/\/node.cat\/es\/\"},{\"@type\":\"ListItem\",\"position\":2,\"name\":\"Topograf\u00eda\",\"item\":\"https:\/\/node.cat\/es\/topografia\/\"},{\"@type\":\"ListItem\",\"position\":3,\"name\":\"Georeferenciaci\u00f3 de finques (GML)\"}]},{\"@type\":\"WebSite\",\"@id\":\"https:\/\/node.cat\/#website\",\"url\":\"https:\/\/node.cat\/\",\"name\":\"Node Topograf\u00eda\",\"description\":\"Servicios para profesionales, agentes de la construcci\u00f3n, promotores y particulares\",\"publisher\":{\"@id\":\"https:\/\/node.cat\/#organization\"},\"potentialAction\":[{\"@type\":\"SearchAction\",\"target\":{\"@type\":\"EntryPoint\",\"urlTemplate\":\"https:\/\/node.cat\/?s={search_term_string}\"},\"query-input\":\"required name=search_term_string\"}],\"inLanguage\":\"es\"},{\"@type\":\"Organization\",\"@id\":\"https:\/\/node.cat\/#organization\",\"name\":\"Node\",\"url\":\"https:\/\/node.cat\/\",\"logo\":{\"@type\":\"ImageObject\",\"inLanguage\":\"es\",\"@id\":\"https:\/\/node.cat\/#\/schema\/logo\/image\/\",\"url\":\"https:\/\/node.cat\/wp-content\/uploads\/2019\/02\/Node_topo.svg\",\"contentUrl\":\"https:\/\/node.cat\/wp-content\/uploads\/2019\/02\/Node_topo.svg\",\"width\":1,\"height\":1,\"caption\":\"Node\"},\"image\":{\"@id\":\"https:\/\/node.cat\/#\/schema\/logo\/image\/\"}}]}<\/script>\n<!-- \/ Yoast SEO plugin. -->","yoast_head_json":{"title":"Georeferenciaci\u00f3 de finques (GML) - Node Topograf\u00eda","description":"Ofrecemos este tr\u00e1mite con el Registro de la Propiedad para validar datos georreferenciados de una parcela. La firma se hace cuando se ha realizado una VGA","robots":{"index":"index","follow":"follow","max-snippet":"max-snippet:-1","max-image-preview":"max-image-preview:large","max-video-preview":"max-video-preview:-1"},"canonical":"https:\/\/node.cat\/topografia\/georeferenciacio-de-finques\/","og_locale":"es_ES","og_type":"article","og_title":"Georeferenciaci\u00f3 de finques (GML) - Node Topograf\u00eda","og_description":"Ofrecemos este tr\u00e1mite con el Registro de la Propiedad para validar datos georreferenciados de una parcela. La firma se hace cuando se ha realizado una VGA","og_url":"https:\/\/node.cat\/topografia\/georeferenciacio-de-finques\/","og_site_name":"Node Topograf\u00eda","article_modified_time":"2019-06-20T08:57:06+00:00","og_image":[{"width":1200,"height":1198,"url":"https:\/\/node.cat\/wp-content\/uploads\/2017\/02\/georef1_s.jpg","type":"image\/jpeg"}],"twitter_card":"summary_large_image","twitter_misc":{"Tiempo de lectura":"2 minutos"},"schema":{"@context":"https:\/\/schema.org","@graph":[{"@type":"WebPage","@id":"https:\/\/node.cat\/topografia\/georeferenciacio-de-finques\/","url":"https:\/\/node.cat\/topografia\/georeferenciacio-de-finques\/","name":"Georeferenciaci\u00f3 de finques (GML) - Node Topograf\u00eda","isPartOf":{"@id":"https:\/\/node.cat\/#website"},"primaryImageOfPage":{"@id":"https:\/\/node.cat\/topografia\/georeferenciacio-de-finques\/#primaryimage"},"image":{"@id":"https:\/\/node.cat\/topografia\/georeferenciacio-de-finques\/#primaryimage"},"thumbnailUrl":"https:\/\/node.cat\/wp-content\/uploads\/2017\/02\/georef1_s.jpg","datePublished":"2017-02-21T11:44:23+00:00","dateModified":"2019-06-20T08:57:06+00:00","description":"Ofrecemos este tr\u00e1mite con el Registro de la Propiedad para validar datos georreferenciados de una parcela. La firma se hace cuando se ha realizado una VGA","breadcrumb":{"@id":"https:\/\/node.cat\/topografia\/georeferenciacio-de-finques\/#breadcrumb"},"inLanguage":"es","potentialAction":[{"@type":"ReadAction","target":["https:\/\/node.cat\/topografia\/georeferenciacio-de-finques\/"]}]},{"@type":"ImageObject","inLanguage":"es","@id":"https:\/\/node.cat\/topografia\/georeferenciacio-de-finques\/#primaryimage","url":"https:\/\/node.cat\/wp-content\/uploads\/2017\/02\/georef1_s.jpg","contentUrl":"https:\/\/node.cat\/wp-content\/uploads\/2017\/02\/georef1_s.jpg","width":1200,"height":1198},{"@type":"BreadcrumbList","@id":"https:\/\/node.cat\/topografia\/georeferenciacio-de-finques\/#breadcrumb","itemListElement":[{"@type":"ListItem","position":1,"name":"Inici","item":"https:\/\/node.cat\/es\/"},{"@type":"ListItem","position":2,"name":"Topograf\u00eda","item":"https:\/\/node.cat\/es\/topografia\/"},{"@type":"ListItem","position":3,"name":"Georeferenciaci\u00f3 de finques (GML)"}]},{"@type":"WebSite","@id":"https:\/\/node.cat\/#website","url":"https:\/\/node.cat\/","name":"Node Topograf\u00eda","description":"Servicios para profesionales, agentes de la construcci\u00f3n, promotores y particulares","publisher":{"@id":"https:\/\/node.cat\/#organization"},"potentialAction":[{"@type":"SearchAction","target":{"@type":"EntryPoint","urlTemplate":"https:\/\/node.cat\/?s={search_term_string}"},"query-input":"required name=search_term_string"}],"inLanguage":"es"},{"@type":"Organization","@id":"https:\/\/node.cat\/#organization","name":"Node","url":"https:\/\/node.cat\/","logo":{"@type":"ImageObject","inLanguage":"es","@id":"https:\/\/node.cat\/#\/schema\/logo\/image\/","url":"https:\/\/node.cat\/wp-content\/uploads\/2019\/02\/Node_topo.svg","contentUrl":"https:\/\/node.cat\/wp-content\/uploads\/2019\/02\/Node_topo.svg","width":1,"height":1,"caption":"Node"},"image":{"@id":"https:\/\/node.cat\/#\/schema\/logo\/image\/"}}]}},"_links":{"self":[{"href":"https:\/\/node.cat\/es\/wp-json\/wp\/v2\/pages\/361"}],"collection":[{"href":"https:\/\/node.cat\/es\/wp-json\/wp\/v2\/pages"}],"about":[{"href":"https:\/\/node.cat\/es\/wp-json\/wp\/v2\/types\/page"}],"author":[{"embeddable":true,"href":"https:\/\/node.cat\/es\/wp-json\/wp\/v2\/users\/1"}],"replies":[{"embeddable":true,"href":"https:\/\/node.cat\/es\/wp-json\/wp\/v2\/comments?post=361"}],"version-history":[{"count":4,"href":"https:\/\/node.cat\/es\/wp-json\/wp\/v2\/pages\/361\/revisions"}],"predecessor-version":[{"id":1465,"href":"https:\/\/node.cat\/es\/wp-json\/wp\/v2\/pages\/361\/revisions\/1465"}],"up":[{"embeddable":true,"href":"https:\/\/node.cat\/es\/wp-json\/wp\/v2\/pages\/351"}],"wp:featuredmedia":[{"embeddable":true,"href":"https:\/\/node.cat\/es\/wp-json\/wp\/v2\/media\/207"}],"wp:attachment":[{"href":"https:\/\/node.cat\/es\/wp-json\/wp\/v2\/media?parent=361"}],"curies":[{"name":"wp","href":"https:\/\/api.w.org\/{rel}","templated":true}]}}