{"id":355,"date":"2017-02-21T12:43:12","date_gmt":"2017-02-21T11:43:12","guid":{"rendered":"http:\/\/develop.docbarcelona.com\/nodetopografia\/?page_id=355"},"modified":"2019-06-20T10:07:26","modified_gmt":"2019-06-20T09:07:26","slug":"levantamientos-topograficos","status":"publish","type":"page","link":"https:\/\/node.cat\/es\/topografia\/levantamientos-topograficos\/","title":{"rendered":"Levantamientos topogr\u00e1ficos"},"content":{"rendered":"\n<h1 class=\"wp-block-heading\">Levantamientos topogr\u00e1ficos<\/h1>\n\n\n\n<p>Un levantamiento topogr\u00e1fico es la representaci\u00f3n de todos los elementos de un terreno sobre el plano. Se definen los diferentes elementos del terreno con una serie de puntos, que en conjunto terminan definiendo una curva de nivel. Es un paso b\u00e1sico e imprescindible para iniciar un proyecto de ejecuci\u00f3n de un edificio. Trabajamos en colaboraci\u00f3n con ingenieros o arquitectos en la redacci\u00f3n de proyectos de ejecuci\u00f3n. La ventaja que aporta un levantamiento topogr\u00e1fico es que mediante un dibujo en planta se pueden definir todas las particularidades de un terreno, incluso las altimetr\u00edas y las cotas de este.<br>En Node Topograf\u00eda trabajamos con una estaci\u00f3n total o GPS. Nuestros levantamientos topogr\u00e1ficos son tanto en fincas urbanas como en solares y fincas agr\u00edcolas o forestales.<\/p>\n\n\n\n<h3 class=\"wp-block-heading\">Levantamiento topogr\u00e1fico urbano<\/h3>\n\n\n\n<p>En este tipo de levantamiento topogr\u00e1fico lo m\u00e1s importante es certificar gr\u00e1ficamente qu\u00e9 superficie tiene un solar o una parcela, y medir y plasmar en el plano todos los elementos existentes.<\/p>\n\n\n\n<h3 class=\"wp-block-heading\">Levantamientos topogr\u00e1ficos agr\u00edcolas o forestales<\/h3>\n\n\n\n<p>En los levantamientos topogr\u00e1ficos que realizamos en fincas agr\u00edcolas o forestales son b\u00e1sicas las altimetr\u00edas y las cotas del terreno, adem\u00e1s de las limitaciones de las fincas.<\/p>\n","protected":false},"excerpt":{"rendered":"<p>Levantamientos topogr\u00e1ficos Un levantamiento topogr\u00e1fico es la representaci\u00f3n de todos los elementos de un terreno sobre el plano. Se definen [&hellip;]<\/p>\n","protected":false},"author":1,"featured_media":88,"parent":351,"menu_order":0,"comment_status":"closed","ping_status":"closed","template":"template-topografia.php","meta":{"inline_featured_image":false,"footnotes":""},"yoast_head":"<!-- This site is optimized with the Yoast SEO plugin v22.6 - https:\/\/yoast.com\/wordpress\/plugins\/seo\/ -->\n<title>Levantamientos topogr\u00e1ficos urbanos y agr\u00edcolas - Node Topograf\u00eda<\/title>\n<meta name=\"description\" content=\"Los levantamientos topogr\u00e1ficos son la representaci\u00f3n de todos los elementos de un terreno sobre el plano. Trabajamos con ingenieros o arquitectos.\" \/>\n<meta name=\"robots\" content=\"index, follow, max-snippet:-1, max-image-preview:large, max-video-preview:-1\" \/>\n<link rel=\"canonical\" href=\"https:\/\/node.cat\/topografia\/aixecaments-topografics\/\" \/>\n<meta property=\"og:locale\" content=\"es_ES\" \/>\n<meta property=\"og:type\" content=\"article\" \/>\n<meta property=\"og:title\" content=\"Levantamientos topogr\u00e1ficos urbanos y agr\u00edcolas - Node Topograf\u00eda\" \/>\n<meta property=\"og:description\" content=\"Los levantamientos topogr\u00e1ficos son la representaci\u00f3n de todos los elementos de un terreno sobre el plano. Trabajamos con ingenieros o arquitectos.\" \/>\n<meta property=\"og:url\" content=\"https:\/\/node.cat\/topografia\/aixecaments-topografics\/\" \/>\n<meta property=\"og:site_name\" content=\"Node Topograf\u00eda\" \/>\n<meta property=\"article:modified_time\" content=\"2019-06-20T09:07:26+00:00\" \/>\n<meta property=\"og:image\" content=\"https:\/\/node.cat\/wp-content\/uploads\/2017\/02\/aixecaments_1.jpg\" \/>\n\t<meta property=\"og:image:width\" content=\"934\" \/>\n\t<meta property=\"og:image:height\" content=\"1200\" \/>\n\t<meta property=\"og:image:type\" content=\"image\/jpeg\" \/>\n<meta name=\"twitter:card\" content=\"summary_large_image\" \/>\n<meta name=\"twitter:label1\" content=\"Tiempo de lectura\" \/>\n\t<meta name=\"twitter:data1\" content=\"1 minuto\" \/>\n<script type=\"application\/ld+json\" class=\"yoast-schema-graph\">{\"@context\":\"https:\/\/schema.org\",\"@graph\":[{\"@type\":\"WebPage\",\"@id\":\"https:\/\/node.cat\/topografia\/aixecaments-topografics\/\",\"url\":\"https:\/\/node.cat\/topografia\/aixecaments-topografics\/\",\"name\":\"Levantamientos topogr\u00e1ficos urbanos y agr\u00edcolas - Node Topograf\u00eda\",\"isPartOf\":{\"@id\":\"https:\/\/node.cat\/#website\"},\"primaryImageOfPage\":{\"@id\":\"https:\/\/node.cat\/topografia\/aixecaments-topografics\/#primaryimage\"},\"image\":{\"@id\":\"https:\/\/node.cat\/topografia\/aixecaments-topografics\/#primaryimage\"},\"thumbnailUrl\":\"https:\/\/node.cat\/wp-content\/uploads\/2017\/02\/aixecaments_1.jpg\",\"datePublished\":\"2017-02-21T11:43:12+00:00\",\"dateModified\":\"2019-06-20T09:07:26+00:00\",\"description\":\"Los levantamientos topogr\u00e1ficos son la representaci\u00f3n de todos los elementos de un terreno sobre el plano. Trabajamos con ingenieros o arquitectos.\",\"breadcrumb\":{\"@id\":\"https:\/\/node.cat\/topografia\/aixecaments-topografics\/#breadcrumb\"},\"inLanguage\":\"es\",\"potentialAction\":[{\"@type\":\"ReadAction\",\"target\":[\"https:\/\/node.cat\/topografia\/aixecaments-topografics\/\"]}]},{\"@type\":\"ImageObject\",\"inLanguage\":\"es\",\"@id\":\"https:\/\/node.cat\/topografia\/aixecaments-topografics\/#primaryimage\",\"url\":\"https:\/\/node.cat\/wp-content\/uploads\/2017\/02\/aixecaments_1.jpg\",\"contentUrl\":\"https:\/\/node.cat\/wp-content\/uploads\/2017\/02\/aixecaments_1.jpg\",\"width\":934,\"height\":1200},{\"@type\":\"BreadcrumbList\",\"@id\":\"https:\/\/node.cat\/topografia\/aixecaments-topografics\/#breadcrumb\",\"itemListElement\":[{\"@type\":\"ListItem\",\"position\":1,\"name\":\"Inici\",\"item\":\"https:\/\/node.cat\/es\/\"},{\"@type\":\"ListItem\",\"position\":2,\"name\":\"Topograf\u00eda\",\"item\":\"https:\/\/node.cat\/es\/topografia\/\"},{\"@type\":\"ListItem\",\"position\":3,\"name\":\"Levantamientos topogr\u00e1ficos\"}]},{\"@type\":\"WebSite\",\"@id\":\"https:\/\/node.cat\/#website\",\"url\":\"https:\/\/node.cat\/\",\"name\":\"Node Topograf\u00eda\",\"description\":\"Servicios para profesionales, agentes de la construcci\u00f3n, promotores y particulares\",\"publisher\":{\"@id\":\"https:\/\/node.cat\/#organization\"},\"potentialAction\":[{\"@type\":\"SearchAction\",\"target\":{\"@type\":\"EntryPoint\",\"urlTemplate\":\"https:\/\/node.cat\/?s={search_term_string}\"},\"query-input\":\"required name=search_term_string\"}],\"inLanguage\":\"es\"},{\"@type\":\"Organization\",\"@id\":\"https:\/\/node.cat\/#organization\",\"name\":\"Node\",\"url\":\"https:\/\/node.cat\/\",\"logo\":{\"@type\":\"ImageObject\",\"inLanguage\":\"es\",\"@id\":\"https:\/\/node.cat\/#\/schema\/logo\/image\/\",\"url\":\"https:\/\/node.cat\/wp-content\/uploads\/2019\/02\/Node_topo.svg\",\"contentUrl\":\"https:\/\/node.cat\/wp-content\/uploads\/2019\/02\/Node_topo.svg\",\"width\":1,\"height\":1,\"caption\":\"Node\"},\"image\":{\"@id\":\"https:\/\/node.cat\/#\/schema\/logo\/image\/\"}}]}<\/script>\n<!-- \/ Yoast SEO plugin. -->","yoast_head_json":{"title":"Levantamientos topogr\u00e1ficos urbanos y agr\u00edcolas - Node Topograf\u00eda","description":"Los levantamientos topogr\u00e1ficos son la representaci\u00f3n de todos los elementos de un terreno sobre el plano. Trabajamos con ingenieros o arquitectos.","robots":{"index":"index","follow":"follow","max-snippet":"max-snippet:-1","max-image-preview":"max-image-preview:large","max-video-preview":"max-video-preview:-1"},"canonical":"https:\/\/node.cat\/topografia\/aixecaments-topografics\/","og_locale":"es_ES","og_type":"article","og_title":"Levantamientos topogr\u00e1ficos urbanos y agr\u00edcolas - Node Topograf\u00eda","og_description":"Los levantamientos topogr\u00e1ficos son la representaci\u00f3n de todos los elementos de un terreno sobre el plano. Trabajamos con ingenieros o arquitectos.","og_url":"https:\/\/node.cat\/topografia\/aixecaments-topografics\/","og_site_name":"Node Topograf\u00eda","article_modified_time":"2019-06-20T09:07:26+00:00","og_image":[{"width":934,"height":1200,"url":"https:\/\/node.cat\/wp-content\/uploads\/2017\/02\/aixecaments_1.jpg","type":"image\/jpeg"}],"twitter_card":"summary_large_image","twitter_misc":{"Tiempo de lectura":"1 minuto"},"schema":{"@context":"https:\/\/schema.org","@graph":[{"@type":"WebPage","@id":"https:\/\/node.cat\/topografia\/aixecaments-topografics\/","url":"https:\/\/node.cat\/topografia\/aixecaments-topografics\/","name":"Levantamientos topogr\u00e1ficos urbanos y agr\u00edcolas - Node Topograf\u00eda","isPartOf":{"@id":"https:\/\/node.cat\/#website"},"primaryImageOfPage":{"@id":"https:\/\/node.cat\/topografia\/aixecaments-topografics\/#primaryimage"},"image":{"@id":"https:\/\/node.cat\/topografia\/aixecaments-topografics\/#primaryimage"},"thumbnailUrl":"https:\/\/node.cat\/wp-content\/uploads\/2017\/02\/aixecaments_1.jpg","datePublished":"2017-02-21T11:43:12+00:00","dateModified":"2019-06-20T09:07:26+00:00","description":"Los levantamientos topogr\u00e1ficos son la representaci\u00f3n de todos los elementos de un terreno sobre el plano. Trabajamos con ingenieros o arquitectos.","breadcrumb":{"@id":"https:\/\/node.cat\/topografia\/aixecaments-topografics\/#breadcrumb"},"inLanguage":"es","potentialAction":[{"@type":"ReadAction","target":["https:\/\/node.cat\/topografia\/aixecaments-topografics\/"]}]},{"@type":"ImageObject","inLanguage":"es","@id":"https:\/\/node.cat\/topografia\/aixecaments-topografics\/#primaryimage","url":"https:\/\/node.cat\/wp-content\/uploads\/2017\/02\/aixecaments_1.jpg","contentUrl":"https:\/\/node.cat\/wp-content\/uploads\/2017\/02\/aixecaments_1.jpg","width":934,"height":1200},{"@type":"BreadcrumbList","@id":"https:\/\/node.cat\/topografia\/aixecaments-topografics\/#breadcrumb","itemListElement":[{"@type":"ListItem","position":1,"name":"Inici","item":"https:\/\/node.cat\/es\/"},{"@type":"ListItem","position":2,"name":"Topograf\u00eda","item":"https:\/\/node.cat\/es\/topografia\/"},{"@type":"ListItem","position":3,"name":"Levantamientos topogr\u00e1ficos"}]},{"@type":"WebSite","@id":"https:\/\/node.cat\/#website","url":"https:\/\/node.cat\/","name":"Node Topograf\u00eda","description":"Servicios para profesionales, agentes de la construcci\u00f3n, promotores y particulares","publisher":{"@id":"https:\/\/node.cat\/#organization"},"potentialAction":[{"@type":"SearchAction","target":{"@type":"EntryPoint","urlTemplate":"https:\/\/node.cat\/?s={search_term_string}"},"query-input":"required name=search_term_string"}],"inLanguage":"es"},{"@type":"Organization","@id":"https:\/\/node.cat\/#organization","name":"Node","url":"https:\/\/node.cat\/","logo":{"@type":"ImageObject","inLanguage":"es","@id":"https:\/\/node.cat\/#\/schema\/logo\/image\/","url":"https:\/\/node.cat\/wp-content\/uploads\/2019\/02\/Node_topo.svg","contentUrl":"https:\/\/node.cat\/wp-content\/uploads\/2019\/02\/Node_topo.svg","width":1,"height":1,"caption":"Node"},"image":{"@id":"https:\/\/node.cat\/#\/schema\/logo\/image\/"}}]}},"_links":{"self":[{"href":"https:\/\/node.cat\/es\/wp-json\/wp\/v2\/pages\/355"}],"collection":[{"href":"https:\/\/node.cat\/es\/wp-json\/wp\/v2\/pages"}],"about":[{"href":"https:\/\/node.cat\/es\/wp-json\/wp\/v2\/types\/page"}],"author":[{"embeddable":true,"href":"https:\/\/node.cat\/es\/wp-json\/wp\/v2\/users\/1"}],"replies":[{"embeddable":true,"href":"https:\/\/node.cat\/es\/wp-json\/wp\/v2\/comments?post=355"}],"version-history":[{"count":8,"href":"https:\/\/node.cat\/es\/wp-json\/wp\/v2\/pages\/355\/revisions"}],"predecessor-version":[{"id":1485,"href":"https:\/\/node.cat\/es\/wp-json\/wp\/v2\/pages\/355\/revisions\/1485"}],"up":[{"embeddable":true,"href":"https:\/\/node.cat\/es\/wp-json\/wp\/v2\/pages\/351"}],"wp:featuredmedia":[{"embeddable":true,"href":"https:\/\/node.cat\/es\/wp-json\/wp\/v2\/media\/88"}],"wp:attachment":[{"href":"https:\/\/node.cat\/es\/wp-json\/wp\/v2\/media?parent=355"}],"curies":[{"name":"wp","href":"https:\/\/api.w.org\/{rel}","templated":true}]}}