{"id":353,"date":"2017-02-21T12:42:53","date_gmt":"2017-02-21T11:42:53","guid":{"rendered":"http:\/\/develop.docbarcelona.com\/nodetopografia\/?page_id=353"},"modified":"2019-06-20T10:03:26","modified_gmt":"2019-06-20T09:03:26","slug":"levantamiento-de-edificaciones-existentes","status":"publish","type":"page","link":"https:\/\/node.cat\/es\/topografia\/levantamiento-de-edificaciones-existentes\/","title":{"rendered":"Levantamiento de edificaciones existentes"},"content":{"rendered":"<h1>Levantamiento de edificaciones existentes<\/h1>\n<p>Realizamos la representaci\u00f3n gr\u00e1fica de edificios ya existentes, con plantas, alzados, e incluso, perspectivas axonom\u00e9tricas, para que un arquitecto o ingeniero pueda hacer, sobre esta base, un proyecto t\u00e9cnico de reforma o ampliaci\u00f3n.<\/p>\n<p>En Node Topograf\u00eda realizamos levantamientos completos de estructuras y edificaciones para cubrir las necesidades de nuestro cliente, sea por un proyecto de arquitectura, ingenier\u00eda, o incluso de rehabilitaci\u00f3n y restauraci\u00f3n de patrimonio arquitect\u00f3nico.<\/p>\n","protected":false},"excerpt":{"rendered":"<p>Levantamiento de edificaciones existentes Realizamos la representaci\u00f3n gr\u00e1fica de edificios ya existentes, con plantas, alzados, e incluso, perspectivas axonom\u00e9tricas, para [&hellip;]<\/p>\n","protected":false},"author":1,"featured_media":178,"parent":351,"menu_order":0,"comment_status":"closed","ping_status":"closed","template":"template-topografia.php","meta":{"inline_featured_image":false,"footnotes":""},"yoast_head":"<!-- This site is optimized with the Yoast SEO plugin v22.6 - https:\/\/yoast.com\/wordpress\/plugins\/seo\/ -->\n<title>Levantamiento de edificaciones existentes - Node Topograf\u00eda<\/title>\n<meta name=\"description\" content=\"Levantamiento de edificaciones existentes: realizamos la representaci\u00f3n gr\u00e1fica de edificios ya existentes, con plantas, alzados, perspectivas axonom\u00e9tricas\" \/>\n<meta name=\"robots\" content=\"index, follow, max-snippet:-1, max-image-preview:large, max-video-preview:-1\" \/>\n<link rel=\"canonical\" href=\"https:\/\/node.cat\/topografia\/aixecament-dedificacions-existents\/\" \/>\n<meta property=\"og:locale\" content=\"es_ES\" \/>\n<meta property=\"og:type\" content=\"article\" \/>\n<meta property=\"og:title\" content=\"Levantamiento de edificaciones existentes - Node Topograf\u00eda\" \/>\n<meta property=\"og:description\" content=\"Levantamiento de edificaciones existentes: realizamos la representaci\u00f3n gr\u00e1fica de edificios ya existentes, con plantas, alzados, perspectivas axonom\u00e9tricas\" \/>\n<meta property=\"og:url\" content=\"https:\/\/node.cat\/topografia\/aixecament-dedificacions-existents\/\" \/>\n<meta property=\"og:site_name\" content=\"Node Topograf\u00eda\" \/>\n<meta property=\"article:modified_time\" content=\"2019-06-20T09:03:26+00:00\" \/>\n<meta property=\"og:image\" content=\"https:\/\/node.cat\/wp-content\/uploads\/2017\/02\/node_topografia_estatactual_1.jpg\" \/>\n\t<meta property=\"og:image:width\" content=\"1600\" \/>\n\t<meta property=\"og:image:height\" content=\"1280\" \/>\n\t<meta property=\"og:image:type\" content=\"image\/jpeg\" \/>\n<meta name=\"twitter:card\" content=\"summary_large_image\" \/>\n<script type=\"application\/ld+json\" class=\"yoast-schema-graph\">{\"@context\":\"https:\/\/schema.org\",\"@graph\":[{\"@type\":\"WebPage\",\"@id\":\"https:\/\/node.cat\/topografia\/aixecament-dedificacions-existents\/\",\"url\":\"https:\/\/node.cat\/topografia\/aixecament-dedificacions-existents\/\",\"name\":\"Levantamiento de edificaciones existentes - Node Topograf\u00eda\",\"isPartOf\":{\"@id\":\"https:\/\/node.cat\/#website\"},\"primaryImageOfPage\":{\"@id\":\"https:\/\/node.cat\/topografia\/aixecament-dedificacions-existents\/#primaryimage\"},\"image\":{\"@id\":\"https:\/\/node.cat\/topografia\/aixecament-dedificacions-existents\/#primaryimage\"},\"thumbnailUrl\":\"https:\/\/node.cat\/wp-content\/uploads\/2017\/02\/node_topografia_estatactual_1.jpg\",\"datePublished\":\"2017-02-21T11:42:53+00:00\",\"dateModified\":\"2019-06-20T09:03:26+00:00\",\"description\":\"Levantamiento de edificaciones existentes: realizamos la representaci\u00f3n gr\u00e1fica de edificios ya existentes, con plantas, alzados, perspectivas axonom\u00e9tricas\",\"breadcrumb\":{\"@id\":\"https:\/\/node.cat\/topografia\/aixecament-dedificacions-existents\/#breadcrumb\"},\"inLanguage\":\"es\",\"potentialAction\":[{\"@type\":\"ReadAction\",\"target\":[\"https:\/\/node.cat\/topografia\/aixecament-dedificacions-existents\/\"]}]},{\"@type\":\"ImageObject\",\"inLanguage\":\"es\",\"@id\":\"https:\/\/node.cat\/topografia\/aixecament-dedificacions-existents\/#primaryimage\",\"url\":\"https:\/\/node.cat\/wp-content\/uploads\/2017\/02\/node_topografia_estatactual_1.jpg\",\"contentUrl\":\"https:\/\/node.cat\/wp-content\/uploads\/2017\/02\/node_topografia_estatactual_1.jpg\",\"width\":1600,\"height\":1280},{\"@type\":\"BreadcrumbList\",\"@id\":\"https:\/\/node.cat\/topografia\/aixecament-dedificacions-existents\/#breadcrumb\",\"itemListElement\":[{\"@type\":\"ListItem\",\"position\":1,\"name\":\"Inici\",\"item\":\"https:\/\/node.cat\/es\/\"},{\"@type\":\"ListItem\",\"position\":2,\"name\":\"Topograf\u00eda\",\"item\":\"https:\/\/node.cat\/es\/topografia\/\"},{\"@type\":\"ListItem\",\"position\":3,\"name\":\"Levantamiento de edificaciones existentes\"}]},{\"@type\":\"WebSite\",\"@id\":\"https:\/\/node.cat\/#website\",\"url\":\"https:\/\/node.cat\/\",\"name\":\"Node Topograf\u00eda\",\"description\":\"Servicios para profesionales, agentes de la construcci\u00f3n, promotores y particulares\",\"publisher\":{\"@id\":\"https:\/\/node.cat\/#organization\"},\"potentialAction\":[{\"@type\":\"SearchAction\",\"target\":{\"@type\":\"EntryPoint\",\"urlTemplate\":\"https:\/\/node.cat\/?s={search_term_string}\"},\"query-input\":\"required name=search_term_string\"}],\"inLanguage\":\"es\"},{\"@type\":\"Organization\",\"@id\":\"https:\/\/node.cat\/#organization\",\"name\":\"Node\",\"url\":\"https:\/\/node.cat\/\",\"logo\":{\"@type\":\"ImageObject\",\"inLanguage\":\"es\",\"@id\":\"https:\/\/node.cat\/#\/schema\/logo\/image\/\",\"url\":\"https:\/\/node.cat\/wp-content\/uploads\/2019\/02\/Node_topo.svg\",\"contentUrl\":\"https:\/\/node.cat\/wp-content\/uploads\/2019\/02\/Node_topo.svg\",\"width\":1,\"height\":1,\"caption\":\"Node\"},\"image\":{\"@id\":\"https:\/\/node.cat\/#\/schema\/logo\/image\/\"}}]}<\/script>\n<!-- \/ Yoast SEO plugin. -->","yoast_head_json":{"title":"Levantamiento de edificaciones existentes - Node Topograf\u00eda","description":"Levantamiento de edificaciones existentes: realizamos la representaci\u00f3n gr\u00e1fica de edificios ya existentes, con plantas, alzados, perspectivas axonom\u00e9tricas","robots":{"index":"index","follow":"follow","max-snippet":"max-snippet:-1","max-image-preview":"max-image-preview:large","max-video-preview":"max-video-preview:-1"},"canonical":"https:\/\/node.cat\/topografia\/aixecament-dedificacions-existents\/","og_locale":"es_ES","og_type":"article","og_title":"Levantamiento de edificaciones existentes - Node Topograf\u00eda","og_description":"Levantamiento de edificaciones existentes: realizamos la representaci\u00f3n gr\u00e1fica de edificios ya existentes, con plantas, alzados, perspectivas axonom\u00e9tricas","og_url":"https:\/\/node.cat\/topografia\/aixecament-dedificacions-existents\/","og_site_name":"Node Topograf\u00eda","article_modified_time":"2019-06-20T09:03:26+00:00","og_image":[{"width":1600,"height":1280,"url":"https:\/\/node.cat\/wp-content\/uploads\/2017\/02\/node_topografia_estatactual_1.jpg","type":"image\/jpeg"}],"twitter_card":"summary_large_image","schema":{"@context":"https:\/\/schema.org","@graph":[{"@type":"WebPage","@id":"https:\/\/node.cat\/topografia\/aixecament-dedificacions-existents\/","url":"https:\/\/node.cat\/topografia\/aixecament-dedificacions-existents\/","name":"Levantamiento de edificaciones existentes - Node Topograf\u00eda","isPartOf":{"@id":"https:\/\/node.cat\/#website"},"primaryImageOfPage":{"@id":"https:\/\/node.cat\/topografia\/aixecament-dedificacions-existents\/#primaryimage"},"image":{"@id":"https:\/\/node.cat\/topografia\/aixecament-dedificacions-existents\/#primaryimage"},"thumbnailUrl":"https:\/\/node.cat\/wp-content\/uploads\/2017\/02\/node_topografia_estatactual_1.jpg","datePublished":"2017-02-21T11:42:53+00:00","dateModified":"2019-06-20T09:03:26+00:00","description":"Levantamiento de edificaciones existentes: realizamos la representaci\u00f3n gr\u00e1fica de edificios ya existentes, con plantas, alzados, perspectivas axonom\u00e9tricas","breadcrumb":{"@id":"https:\/\/node.cat\/topografia\/aixecament-dedificacions-existents\/#breadcrumb"},"inLanguage":"es","potentialAction":[{"@type":"ReadAction","target":["https:\/\/node.cat\/topografia\/aixecament-dedificacions-existents\/"]}]},{"@type":"ImageObject","inLanguage":"es","@id":"https:\/\/node.cat\/topografia\/aixecament-dedificacions-existents\/#primaryimage","url":"https:\/\/node.cat\/wp-content\/uploads\/2017\/02\/node_topografia_estatactual_1.jpg","contentUrl":"https:\/\/node.cat\/wp-content\/uploads\/2017\/02\/node_topografia_estatactual_1.jpg","width":1600,"height":1280},{"@type":"BreadcrumbList","@id":"https:\/\/node.cat\/topografia\/aixecament-dedificacions-existents\/#breadcrumb","itemListElement":[{"@type":"ListItem","position":1,"name":"Inici","item":"https:\/\/node.cat\/es\/"},{"@type":"ListItem","position":2,"name":"Topograf\u00eda","item":"https:\/\/node.cat\/es\/topografia\/"},{"@type":"ListItem","position":3,"name":"Levantamiento de edificaciones existentes"}]},{"@type":"WebSite","@id":"https:\/\/node.cat\/#website","url":"https:\/\/node.cat\/","name":"Node Topograf\u00eda","description":"Servicios para profesionales, agentes de la construcci\u00f3n, promotores y particulares","publisher":{"@id":"https:\/\/node.cat\/#organization"},"potentialAction":[{"@type":"SearchAction","target":{"@type":"EntryPoint","urlTemplate":"https:\/\/node.cat\/?s={search_term_string}"},"query-input":"required name=search_term_string"}],"inLanguage":"es"},{"@type":"Organization","@id":"https:\/\/node.cat\/#organization","name":"Node","url":"https:\/\/node.cat\/","logo":{"@type":"ImageObject","inLanguage":"es","@id":"https:\/\/node.cat\/#\/schema\/logo\/image\/","url":"https:\/\/node.cat\/wp-content\/uploads\/2019\/02\/Node_topo.svg","contentUrl":"https:\/\/node.cat\/wp-content\/uploads\/2019\/02\/Node_topo.svg","width":1,"height":1,"caption":"Node"},"image":{"@id":"https:\/\/node.cat\/#\/schema\/logo\/image\/"}}]}},"_links":{"self":[{"href":"https:\/\/node.cat\/es\/wp-json\/wp\/v2\/pages\/353"}],"collection":[{"href":"https:\/\/node.cat\/es\/wp-json\/wp\/v2\/pages"}],"about":[{"href":"https:\/\/node.cat\/es\/wp-json\/wp\/v2\/types\/page"}],"author":[{"embeddable":true,"href":"https:\/\/node.cat\/es\/wp-json\/wp\/v2\/users\/1"}],"replies":[{"embeddable":true,"href":"https:\/\/node.cat\/es\/wp-json\/wp\/v2\/comments?post=353"}],"version-history":[{"count":4,"href":"https:\/\/node.cat\/es\/wp-json\/wp\/v2\/pages\/353\/revisions"}],"predecessor-version":[{"id":1461,"href":"https:\/\/node.cat\/es\/wp-json\/wp\/v2\/pages\/353\/revisions\/1461"}],"up":[{"embeddable":true,"href":"https:\/\/node.cat\/es\/wp-json\/wp\/v2\/pages\/351"}],"wp:featuredmedia":[{"embeddable":true,"href":"https:\/\/node.cat\/es\/wp-json\/wp\/v2\/media\/178"}],"wp:attachment":[{"href":"https:\/\/node.cat\/es\/wp-json\/wp\/v2\/media?parent=353"}],"curies":[{"name":"wp","href":"https:\/\/api.w.org\/{rel}","templated":true}]}}