{"id":331,"date":"2017-02-21T12:38:36","date_gmt":"2017-02-21T11:38:36","guid":{"rendered":"http:\/\/develop.docbarcelona.com\/nodetopografia\/?page_id=331"},"modified":"2019-06-20T10:20:33","modified_gmt":"2019-06-20T09:20:33","slug":"topografia-maresme","status":"publish","type":"page","link":"https:\/\/node.cat\/es\/topografia-maresme\/","title":{"rendered":"Empresa"},"content":{"rendered":"\n<div class=\"wp-block-columns has-2-columns is-layout-flex wp-container-core-columns-is-layout-1 wp-block-columns-is-layout-flex\">\n<div class=\"wp-block-column is-layout-flow wp-block-column-is-layout-flow\">\n<p>Node Topograf\u00eda es la segunda generaci\u00f3n de un despacho profesional que hace m\u00e1s de 40 a\u00f1os que se dedica a la topograf\u00eda en la zona del Maresme y del Vall\u00e8s Oriental. La empresa naci\u00f3 de la pasi\u00f3n por la monta\u00f1a y el territorio de tres compa\u00f1eros que pronto se convirtieron en socios.<\/p>\n\n\n\n<p>Su obsesi\u00f3n era seguir y explorar caminos en todo el pa\u00eds para plasmarlos luego sobre papel remarcando senderos, desniveles y otras particularidades geogr\u00e1ficas.<\/p>\n\n\n\n<p>En 1974, fundaron STT (Servicio T\u00e9cnico Topogr\u00e1fico), empresa dedicada a proporcionar todos los servicios relacionados con la topograf\u00eda especialmente en la zona del Maresme-Vall\u00e8s Oriental.<\/p>\n\n\n\n<p><\/p>\n<\/div>\n\n\n\n<div class=\"wp-block-column is-layout-flow wp-block-column-is-layout-flow\">\n<p>Con los a\u00f1os, la empresa evoluciona, y en 2003 una nueva generaci\u00f3n toma el relevo. STT pasa a ser Node Topograf\u00eda, modernizando al m\u00e1ximo los servicios, innovando en la gesti\u00f3n, los equipamientos, el instrumental y optimizando los procesos de trabajo para unos resultados m\u00e1s eficientes.<\/p>\n\n\n\n<p>Desde entonces, Node Topograf\u00eda ha trabajado con diversidad de clientes en todos los \u00e1mbitos, lo que ha permitido obtener una visi\u00f3n de la topograf\u00eda mucho m\u00e1s amplia para poder ofrecer una mejor atenci\u00f3n a nuestros clientes, ya sean particulares, arquitectos, ingenieros o administraciones p\u00fablicas.<\/p>\n<\/div>\n<\/div>\n","protected":false},"excerpt":{"rendered":"<p>Node Topograf\u00eda es la segunda generaci\u00f3n de un despacho profesional que hace m\u00e1s de 40 a\u00f1os que se dedica a [&hellip;]<\/p>\n","protected":false},"author":1,"featured_media":1419,"parent":0,"menu_order":0,"comment_status":"closed","ping_status":"closed","template":"template-nosaltres.php","meta":{"inline_featured_image":false,"footnotes":""},"yoast_head":"<!-- This site is optimized with the Yoast SEO plugin v22.6 - https:\/\/yoast.com\/wordpress\/plugins\/seo\/ -->\n<title>Empresa - Node Topograf\u00eda Maresme<\/title>\n<meta name=\"description\" content=\"Node Topograf\u00eda es la segunda generaci\u00f3n de un despacho profesional que hace m\u00e1s de 40 a\u00f1os que se dedica a la topograf\u00eda en la zona del Maresme\" \/>\n<meta name=\"robots\" content=\"index, follow, max-snippet:-1, max-image-preview:large, max-video-preview:-1\" \/>\n<link rel=\"canonical\" href=\"https:\/\/node.cat\/topografia-maresme\/\" \/>\n<meta property=\"og:locale\" content=\"es_ES\" \/>\n<meta property=\"og:type\" content=\"article\" \/>\n<meta property=\"og:title\" content=\"Empresa - Node Topograf\u00eda Maresme\" \/>\n<meta property=\"og:description\" content=\"Node Topograf\u00eda es la segunda generaci\u00f3n de un despacho profesional que hace m\u00e1s de 40 a\u00f1os que se dedica a la topograf\u00eda en la zona del Maresme\" \/>\n<meta property=\"og:url\" content=\"https:\/\/node.cat\/topografia-maresme\/\" \/>\n<meta property=\"og:site_name\" content=\"Node Topograf\u00eda\" \/>\n<meta property=\"article:modified_time\" content=\"2019-06-20T09:20:33+00:00\" \/>\n<meta property=\"og:image\" content=\"https:\/\/node.cat\/wp-content\/uploads\/2019\/04\/node-desat.jpg\" \/>\n\t<meta property=\"og:image:width\" content=\"1300\" \/>\n\t<meta property=\"og:image:height\" content=\"714\" \/>\n\t<meta property=\"og:image:type\" content=\"image\/jpeg\" \/>\n<meta name=\"twitter:card\" content=\"summary_large_image\" \/>\n<meta name=\"twitter:label1\" content=\"Tiempo de lectura\" \/>\n\t<meta name=\"twitter:data1\" content=\"1 minuto\" \/>\n<script type=\"application\/ld+json\" class=\"yoast-schema-graph\">{\"@context\":\"https:\/\/schema.org\",\"@graph\":[{\"@type\":\"WebPage\",\"@id\":\"https:\/\/node.cat\/topografia-maresme\/\",\"url\":\"https:\/\/node.cat\/topografia-maresme\/\",\"name\":\"Empresa - Node Topograf\u00eda Maresme\",\"isPartOf\":{\"@id\":\"https:\/\/node.cat\/#website\"},\"primaryImageOfPage\":{\"@id\":\"https:\/\/node.cat\/topografia-maresme\/#primaryimage\"},\"image\":{\"@id\":\"https:\/\/node.cat\/topografia-maresme\/#primaryimage\"},\"thumbnailUrl\":\"https:\/\/node.cat\/wp-content\/uploads\/2019\/04\/node-desat.jpg\",\"datePublished\":\"2017-02-21T11:38:36+00:00\",\"dateModified\":\"2019-06-20T09:20:33+00:00\",\"description\":\"Node Topograf\u00eda es la segunda generaci\u00f3n de un despacho profesional que hace m\u00e1s de 40 a\u00f1os que se dedica a la topograf\u00eda en la zona del Maresme\",\"breadcrumb\":{\"@id\":\"https:\/\/node.cat\/topografia-maresme\/#breadcrumb\"},\"inLanguage\":\"es\",\"potentialAction\":[{\"@type\":\"ReadAction\",\"target\":[\"https:\/\/node.cat\/topografia-maresme\/\"]}]},{\"@type\":\"ImageObject\",\"inLanguage\":\"es\",\"@id\":\"https:\/\/node.cat\/topografia-maresme\/#primaryimage\",\"url\":\"https:\/\/node.cat\/wp-content\/uploads\/2019\/04\/node-desat.jpg\",\"contentUrl\":\"https:\/\/node.cat\/wp-content\/uploads\/2019\/04\/node-desat.jpg\",\"width\":1300,\"height\":714},{\"@type\":\"BreadcrumbList\",\"@id\":\"https:\/\/node.cat\/topografia-maresme\/#breadcrumb\",\"itemListElement\":[{\"@type\":\"ListItem\",\"position\":1,\"name\":\"Inici\",\"item\":\"https:\/\/node.cat\/es\/\"},{\"@type\":\"ListItem\",\"position\":2,\"name\":\"Empresa\"}]},{\"@type\":\"WebSite\",\"@id\":\"https:\/\/node.cat\/#website\",\"url\":\"https:\/\/node.cat\/\",\"name\":\"Node Topograf\u00eda\",\"description\":\"Servicios para profesionales, agentes de la construcci\u00f3n, promotores y particulares\",\"publisher\":{\"@id\":\"https:\/\/node.cat\/#organization\"},\"potentialAction\":[{\"@type\":\"SearchAction\",\"target\":{\"@type\":\"EntryPoint\",\"urlTemplate\":\"https:\/\/node.cat\/?s={search_term_string}\"},\"query-input\":\"required name=search_term_string\"}],\"inLanguage\":\"es\"},{\"@type\":\"Organization\",\"@id\":\"https:\/\/node.cat\/#organization\",\"name\":\"Node\",\"url\":\"https:\/\/node.cat\/\",\"logo\":{\"@type\":\"ImageObject\",\"inLanguage\":\"es\",\"@id\":\"https:\/\/node.cat\/#\/schema\/logo\/image\/\",\"url\":\"https:\/\/node.cat\/wp-content\/uploads\/2019\/02\/Node_topo.svg\",\"contentUrl\":\"https:\/\/node.cat\/wp-content\/uploads\/2019\/02\/Node_topo.svg\",\"width\":1,\"height\":1,\"caption\":\"Node\"},\"image\":{\"@id\":\"https:\/\/node.cat\/#\/schema\/logo\/image\/\"}}]}<\/script>\n<!-- \/ Yoast SEO plugin. -->","yoast_head_json":{"title":"Empresa - Node Topograf\u00eda Maresme","description":"Node Topograf\u00eda es la segunda generaci\u00f3n de un despacho profesional que hace m\u00e1s de 40 a\u00f1os que se dedica a la topograf\u00eda en la zona del Maresme","robots":{"index":"index","follow":"follow","max-snippet":"max-snippet:-1","max-image-preview":"max-image-preview:large","max-video-preview":"max-video-preview:-1"},"canonical":"https:\/\/node.cat\/topografia-maresme\/","og_locale":"es_ES","og_type":"article","og_title":"Empresa - Node Topograf\u00eda Maresme","og_description":"Node Topograf\u00eda es la segunda generaci\u00f3n de un despacho profesional que hace m\u00e1s de 40 a\u00f1os que se dedica a la topograf\u00eda en la zona del Maresme","og_url":"https:\/\/node.cat\/topografia-maresme\/","og_site_name":"Node Topograf\u00eda","article_modified_time":"2019-06-20T09:20:33+00:00","og_image":[{"width":1300,"height":714,"url":"https:\/\/node.cat\/wp-content\/uploads\/2019\/04\/node-desat.jpg","type":"image\/jpeg"}],"twitter_card":"summary_large_image","twitter_misc":{"Tiempo de lectura":"1 minuto"},"schema":{"@context":"https:\/\/schema.org","@graph":[{"@type":"WebPage","@id":"https:\/\/node.cat\/topografia-maresme\/","url":"https:\/\/node.cat\/topografia-maresme\/","name":"Empresa - Node Topograf\u00eda Maresme","isPartOf":{"@id":"https:\/\/node.cat\/#website"},"primaryImageOfPage":{"@id":"https:\/\/node.cat\/topografia-maresme\/#primaryimage"},"image":{"@id":"https:\/\/node.cat\/topografia-maresme\/#primaryimage"},"thumbnailUrl":"https:\/\/node.cat\/wp-content\/uploads\/2019\/04\/node-desat.jpg","datePublished":"2017-02-21T11:38:36+00:00","dateModified":"2019-06-20T09:20:33+00:00","description":"Node Topograf\u00eda es la segunda generaci\u00f3n de un despacho profesional que hace m\u00e1s de 40 a\u00f1os que se dedica a la topograf\u00eda en la zona del Maresme","breadcrumb":{"@id":"https:\/\/node.cat\/topografia-maresme\/#breadcrumb"},"inLanguage":"es","potentialAction":[{"@type":"ReadAction","target":["https:\/\/node.cat\/topografia-maresme\/"]}]},{"@type":"ImageObject","inLanguage":"es","@id":"https:\/\/node.cat\/topografia-maresme\/#primaryimage","url":"https:\/\/node.cat\/wp-content\/uploads\/2019\/04\/node-desat.jpg","contentUrl":"https:\/\/node.cat\/wp-content\/uploads\/2019\/04\/node-desat.jpg","width":1300,"height":714},{"@type":"BreadcrumbList","@id":"https:\/\/node.cat\/topografia-maresme\/#breadcrumb","itemListElement":[{"@type":"ListItem","position":1,"name":"Inici","item":"https:\/\/node.cat\/es\/"},{"@type":"ListItem","position":2,"name":"Empresa"}]},{"@type":"WebSite","@id":"https:\/\/node.cat\/#website","url":"https:\/\/node.cat\/","name":"Node Topograf\u00eda","description":"Servicios para profesionales, agentes de la construcci\u00f3n, promotores y particulares","publisher":{"@id":"https:\/\/node.cat\/#organization"},"potentialAction":[{"@type":"SearchAction","target":{"@type":"EntryPoint","urlTemplate":"https:\/\/node.cat\/?s={search_term_string}"},"query-input":"required name=search_term_string"}],"inLanguage":"es"},{"@type":"Organization","@id":"https:\/\/node.cat\/#organization","name":"Node","url":"https:\/\/node.cat\/","logo":{"@type":"ImageObject","inLanguage":"es","@id":"https:\/\/node.cat\/#\/schema\/logo\/image\/","url":"https:\/\/node.cat\/wp-content\/uploads\/2019\/02\/Node_topo.svg","contentUrl":"https:\/\/node.cat\/wp-content\/uploads\/2019\/02\/Node_topo.svg","width":1,"height":1,"caption":"Node"},"image":{"@id":"https:\/\/node.cat\/#\/schema\/logo\/image\/"}}]}},"_links":{"self":[{"href":"https:\/\/node.cat\/es\/wp-json\/wp\/v2\/pages\/331"}],"collection":[{"href":"https:\/\/node.cat\/es\/wp-json\/wp\/v2\/pages"}],"about":[{"href":"https:\/\/node.cat\/es\/wp-json\/wp\/v2\/types\/page"}],"author":[{"embeddable":true,"href":"https:\/\/node.cat\/es\/wp-json\/wp\/v2\/users\/1"}],"replies":[{"embeddable":true,"href":"https:\/\/node.cat\/es\/wp-json\/wp\/v2\/comments?post=331"}],"version-history":[{"count":5,"href":"https:\/\/node.cat\/es\/wp-json\/wp\/v2\/pages\/331\/revisions"}],"predecessor-version":[{"id":1458,"href":"https:\/\/node.cat\/es\/wp-json\/wp\/v2\/pages\/331\/revisions\/1458"}],"wp:featuredmedia":[{"embeddable":true,"href":"https:\/\/node.cat\/es\/wp-json\/wp\/v2\/media\/1419"}],"wp:attachment":[{"href":"https:\/\/node.cat\/es\/wp-json\/wp\/v2\/media?parent=331"}],"curies":[{"name":"wp","href":"https:\/\/api.w.org\/{rel}","templated":true}]}}