{"id":329,"date":"2017-02-21T12:38:27","date_gmt":"2017-02-21T11:38:27","guid":{"rendered":"http:\/\/develop.docbarcelona.com\/nodetopografia\/?page_id=329"},"modified":"2019-05-14T09:50:41","modified_gmt":"2019-05-14T08:50:41","slug":"contacte","status":"publish","type":"page","link":"https:\/\/node.cat\/es\/contacte\/","title":{"rendered":"Contacto"},"content":{"rendered":"<div class=\"row contacte\">\n<div class=\"col-md-6\">\n<h2 class=\"h2contacte\">Muralla del Tigre, 12<br \/>\n08302 Matar\u00f3<br \/>\n(Barcelona)<br \/>\nT &#8211; 937 906 049<\/h2>\n<h2 class=\"h2contacte\">node@node.cat<\/h2>\n\n<div class=\"wpcf7 no-js\" id=\"wpcf7-f335-o1\" lang=\"ca\" dir=\"ltr\">\n<div class=\"screen-reader-response\"><p role=\"status\" aria-live=\"polite\" aria-atomic=\"true\"><\/p> <ul><\/ul><\/div>\n<form action=\"\/es\/wp-json\/wp\/v2\/pages\/329#wpcf7-f335-o1\" method=\"post\" class=\"wpcf7-form init\" aria-label=\"Formulari de contacte\" novalidate=\"novalidate\" data-status=\"init\">\n<div style=\"display: none;\">\n<input type=\"hidden\" name=\"_wpcf7\" value=\"335\" \/>\n<input type=\"hidden\" name=\"_wpcf7_version\" value=\"5.9.4\" \/>\n<input type=\"hidden\" name=\"_wpcf7_locale\" value=\"ca\" \/>\n<input type=\"hidden\" name=\"_wpcf7_unit_tag\" value=\"wpcf7-f335-o1\" \/>\n<input type=\"hidden\" name=\"_wpcf7_container_post\" value=\"0\" \/>\n<input type=\"hidden\" name=\"_wpcf7_posted_data_hash\" value=\"\" \/>\n<input type=\"hidden\" name=\"_wpcf7_recaptcha_response\" value=\"\" \/>\n<\/div>\n<table>\n\t<tr>\n\t\t<td class=\"labelform\">\n\t\t\t<p>Nombre\n\t\t\t<\/p>\n\t\t<\/td>\n\t\t<td class=\"inputform\">\n\t\t\t<p><span class=\"wpcf7-form-control-wrap\" data-name=\"your-name\"><input size=\"40\" class=\"wpcf7-form-control wpcf7-text wpcf7-validates-as-required\" aria-required=\"true\" aria-invalid=\"false\" value=\"\" type=\"text\" name=\"your-name\" \/><\/span>\n\t\t\t<\/p>\n\t\t<\/td>\n\t<\/tr>\n\t<tr>\n\t\t<td class=\"labelform\">\n\t\t\t<p>E-Mail\n\t\t\t<\/p>\n\t\t<\/td>\n\t\t<td class=\"inputform\">\n\t\t\t<p><span class=\"wpcf7-form-control-wrap\" data-name=\"your-email\"><input size=\"40\" class=\"wpcf7-form-control wpcf7-email wpcf7-validates-as-required wpcf7-text wpcf7-validates-as-email\" aria-required=\"true\" aria-invalid=\"false\" value=\"\" type=\"email\" name=\"your-email\" \/><\/span>\n\t\t\t<\/p>\n\t\t<\/td>\n\t<\/tr>\n\t<tr>\n\t\t<td class=\"labelform\">\n\t\t\t<p>Tel\u00e9fono\n\t\t\t<\/p>\n\t\t<\/td>\n\t\t<td class=\"inputform\">\n\t\t\t<p><span class=\"wpcf7-form-control-wrap\" data-name=\"your-phone\"><input size=\"40\" class=\"wpcf7-form-control wpcf7-text\" aria-invalid=\"false\" value=\"\" type=\"text\" name=\"your-phone\" \/><\/span>\n\t\t\t<\/p>\n\t\t<\/td>\n\t<\/tr>\n\t<tr>\n\t\t<td class=\"labelform\">\n\t\t\t<p>Mensaje\n\t\t\t<\/p>\n\t\t<\/td>\n\t\t<td class=\"inputform\">\n\t\t\t<p><span class=\"wpcf7-form-control-wrap\" data-name=\"your-message\"><textarea cols=\"40\" rows=\"10\" class=\"wpcf7-form-control wpcf7-textarea\" aria-invalid=\"false\" name=\"your-message\"><\/textarea><\/span>\n\t\t\t<\/p>\n\t\t<\/td>\n\t<\/tr>\n\t<tr class=\"acceptar\" style=\"width: 100%;\">\n\t\t<td>\n\t\t<\/td>\n\t\t<td class=\"aceptartd\">\n\t\t\t<p><span class=\"wpcf7-form-control-wrap\" data-name=\"acceptance-971\"><span class=\"wpcf7-form-control wpcf7-acceptance\"><span class=\"wpcf7-list-item\"><input type=\"checkbox\" name=\"acceptance-971\" value=\"1\" checked=\"checked\" aria-invalid=\"false\" \/><\/span><\/span><\/span> Aceptar la <a href=\"http:\/\/develop.docbarcelona.com\/nodetopografia\/politica-de-privadesa\/\" target=\"_blank\">pol\u00edtica de privacidad<\/a>\n\t\t\t<\/p>\n\t\t<\/td>\n\t<\/tr>\n\t<tr style=\"width: 100%;\">\n\t\t<td>\n\t\t<\/td>\n\t\t<td class=\"boto-form\">\n\t\t\t<p><input class=\"wpcf7-form-control wpcf7-submit has-spinner\" type=\"submit\" value=\"ENVIAR\" \/>\n\t\t\t<\/p>\n\t\t<\/td>\n\t<\/tr>\n<\/table>\n<p class=\"contacte-legal\">La comunicaci\u00f3 enviada quedar\u00e0 incorporada a un fitxer del qual \u00e9s responsable Node Topografia SCP. Aquesta comunicaci\u00f3 s'utilitzar\u00e0 exclusivament per tractar les seves dades per atendre la seva sol\u00b7licitud, sempre de conformitat amb el Reglament (UE) 2016\/679 de 27 d'abril de 2016 (RGPD), la Llei Org\u00e0nica 3\/2018 de 5 de desembre (LOPDGDD) i dem\u00e9s normativa legal vigent en mat\u00e8ria de protecci\u00f3 de dades personals sobre protecci\u00f3 de dades. Les seves dades no es comunicaran a tercers, excepte per obligaci\u00f3 legal, i es mantindran mentre no sol\u00b7liciti la seva cancel\u00b7laci\u00f3.<br \/>\nEn qualsevol moment vost\u00e8 podr\u00e0 exercir els drets d'acc\u00e9s, rectificaci\u00f3, portabilitat i oposici\u00f3, i, si s'escau, la limitaci\u00f3 i cancel\u00b7laci\u00f3 , comunicant-ho per escrit, indicant les seves dades personals a o mitjan\u00e7ant l'enviament d'un correu electr\u00f2nic a node@node.cat.\n<\/p><div class=\"wpcf7-response-output\" aria-hidden=\"true\"><\/div>\n<\/form>\n<\/div>\n\n<\/div>\n<div class=\"col-md-6 mapa\"><iframe loading=\"lazy\" style=\"border: 0;\" src=\"https:\/\/www.google.com\/maps\/embed?pb=!1m18!1m12!1m3!1d2986.366328874463!2d2.440578315430521!3d41.53966487925047!2m3!1f0!2f0!3f0!3m2!1i1024!2i768!4f13.1!3m3!1m2!1s0x12a4b5219b7b4abb%3A0x815cc01e05a3ef0e!2sMuralla+del+Tigre%2C+12%2C+08302+Matar%C3%B3%2C+Barcelona!5e0!3m2!1ses!2ses!4v1486730183327\" width=\"300\" height=\"150\" frameborder=\"0\" allowfullscreen=\"allowfullscreen\" data-mce-fragment=\"1\"><\/iframe><\/div>\n<\/div>\n","protected":false},"excerpt":{"rendered":"<p>Muralla del Tigre, 12 08302 Matar\u00f3 (Barcelona) T &#8211; 937 906 049 node@node.cat<\/p>\n","protected":false},"author":1,"featured_media":0,"parent":0,"menu_order":0,"comment_status":"closed","ping_status":"closed","template":"","meta":{"inline_featured_image":false,"footnotes":""},"yoast_head":"<!-- This site is optimized with the Yoast SEO plugin v22.6 - https:\/\/yoast.com\/wordpress\/plugins\/seo\/ -->\n<title>Contacto - Node Topograf\u00eda<\/title>\n<meta name=\"robots\" content=\"index, follow, max-snippet:-1, max-image-preview:large, max-video-preview:-1\" \/>\n<link rel=\"canonical\" href=\"https:\/\/node.cat\/contacte\/\" \/>\n<meta property=\"og:locale\" content=\"es_ES\" \/>\n<meta property=\"og:type\" content=\"article\" \/>\n<meta property=\"og:title\" content=\"Contacto - Node Topograf\u00eda\" \/>\n<meta property=\"og:description\" content=\"Muralla del Tigre, 12 08302 Matar\u00f3 (Barcelona) T &#8211; 937 906 049 node@node.cat\" \/>\n<meta property=\"og:url\" content=\"https:\/\/node.cat\/contacte\/\" \/>\n<meta property=\"og:site_name\" content=\"Node Topograf\u00eda\" \/>\n<meta property=\"article:modified_time\" content=\"2019-05-14T08:50:41+00:00\" \/>\n<meta name=\"twitter:card\" content=\"summary_large_image\" \/>\n<script type=\"application\/ld+json\" class=\"yoast-schema-graph\">{\"@context\":\"https:\/\/schema.org\",\"@graph\":[{\"@type\":\"WebPage\",\"@id\":\"https:\/\/node.cat\/contacte\/\",\"url\":\"https:\/\/node.cat\/contacte\/\",\"name\":\"Contacto - Node Topograf\u00eda\",\"isPartOf\":{\"@id\":\"https:\/\/node.cat\/#website\"},\"datePublished\":\"2017-02-21T11:38:27+00:00\",\"dateModified\":\"2019-05-14T08:50:41+00:00\",\"breadcrumb\":{\"@id\":\"https:\/\/node.cat\/contacte\/#breadcrumb\"},\"inLanguage\":\"es\",\"potentialAction\":[{\"@type\":\"ReadAction\",\"target\":[\"https:\/\/node.cat\/contacte\/\"]}]},{\"@type\":\"BreadcrumbList\",\"@id\":\"https:\/\/node.cat\/contacte\/#breadcrumb\",\"itemListElement\":[{\"@type\":\"ListItem\",\"position\":1,\"name\":\"Inici\",\"item\":\"https:\/\/node.cat\/es\/\"},{\"@type\":\"ListItem\",\"position\":2,\"name\":\"Contacto\"}]},{\"@type\":\"WebSite\",\"@id\":\"https:\/\/node.cat\/#website\",\"url\":\"https:\/\/node.cat\/\",\"name\":\"Node Topograf\u00eda\",\"description\":\"Servicios para profesionales, agentes de la construcci\u00f3n, promotores y particulares\",\"publisher\":{\"@id\":\"https:\/\/node.cat\/#organization\"},\"potentialAction\":[{\"@type\":\"SearchAction\",\"target\":{\"@type\":\"EntryPoint\",\"urlTemplate\":\"https:\/\/node.cat\/?s={search_term_string}\"},\"query-input\":\"required name=search_term_string\"}],\"inLanguage\":\"es\"},{\"@type\":\"Organization\",\"@id\":\"https:\/\/node.cat\/#organization\",\"name\":\"Node\",\"url\":\"https:\/\/node.cat\/\",\"logo\":{\"@type\":\"ImageObject\",\"inLanguage\":\"es\",\"@id\":\"https:\/\/node.cat\/#\/schema\/logo\/image\/\",\"url\":\"https:\/\/node.cat\/wp-content\/uploads\/2019\/02\/Node_topo.svg\",\"contentUrl\":\"https:\/\/node.cat\/wp-content\/uploads\/2019\/02\/Node_topo.svg\",\"width\":1,\"height\":1,\"caption\":\"Node\"},\"image\":{\"@id\":\"https:\/\/node.cat\/#\/schema\/logo\/image\/\"}}]}<\/script>\n<!-- \/ Yoast SEO plugin. -->","yoast_head_json":{"title":"Contacto - Node Topograf\u00eda","robots":{"index":"index","follow":"follow","max-snippet":"max-snippet:-1","max-image-preview":"max-image-preview:large","max-video-preview":"max-video-preview:-1"},"canonical":"https:\/\/node.cat\/contacte\/","og_locale":"es_ES","og_type":"article","og_title":"Contacto - Node Topograf\u00eda","og_description":"Muralla del Tigre, 12 08302 Matar\u00f3 (Barcelona) T &#8211; 937 906 049 node@node.cat","og_url":"https:\/\/node.cat\/contacte\/","og_site_name":"Node Topograf\u00eda","article_modified_time":"2019-05-14T08:50:41+00:00","twitter_card":"summary_large_image","schema":{"@context":"https:\/\/schema.org","@graph":[{"@type":"WebPage","@id":"https:\/\/node.cat\/contacte\/","url":"https:\/\/node.cat\/contacte\/","name":"Contacto - Node Topograf\u00eda","isPartOf":{"@id":"https:\/\/node.cat\/#website"},"datePublished":"2017-02-21T11:38:27+00:00","dateModified":"2019-05-14T08:50:41+00:00","breadcrumb":{"@id":"https:\/\/node.cat\/contacte\/#breadcrumb"},"inLanguage":"es","potentialAction":[{"@type":"ReadAction","target":["https:\/\/node.cat\/contacte\/"]}]},{"@type":"BreadcrumbList","@id":"https:\/\/node.cat\/contacte\/#breadcrumb","itemListElement":[{"@type":"ListItem","position":1,"name":"Inici","item":"https:\/\/node.cat\/es\/"},{"@type":"ListItem","position":2,"name":"Contacto"}]},{"@type":"WebSite","@id":"https:\/\/node.cat\/#website","url":"https:\/\/node.cat\/","name":"Node Topograf\u00eda","description":"Servicios para profesionales, agentes de la construcci\u00f3n, promotores y particulares","publisher":{"@id":"https:\/\/node.cat\/#organization"},"potentialAction":[{"@type":"SearchAction","target":{"@type":"EntryPoint","urlTemplate":"https:\/\/node.cat\/?s={search_term_string}"},"query-input":"required name=search_term_string"}],"inLanguage":"es"},{"@type":"Organization","@id":"https:\/\/node.cat\/#organization","name":"Node","url":"https:\/\/node.cat\/","logo":{"@type":"ImageObject","inLanguage":"es","@id":"https:\/\/node.cat\/#\/schema\/logo\/image\/","url":"https:\/\/node.cat\/wp-content\/uploads\/2019\/02\/Node_topo.svg","contentUrl":"https:\/\/node.cat\/wp-content\/uploads\/2019\/02\/Node_topo.svg","width":1,"height":1,"caption":"Node"},"image":{"@id":"https:\/\/node.cat\/#\/schema\/logo\/image\/"}}]}},"_links":{"self":[{"href":"https:\/\/node.cat\/es\/wp-json\/wp\/v2\/pages\/329"}],"collection":[{"href":"https:\/\/node.cat\/es\/wp-json\/wp\/v2\/pages"}],"about":[{"href":"https:\/\/node.cat\/es\/wp-json\/wp\/v2\/types\/page"}],"author":[{"embeddable":true,"href":"https:\/\/node.cat\/es\/wp-json\/wp\/v2\/users\/1"}],"replies":[{"embeddable":true,"href":"https:\/\/node.cat\/es\/wp-json\/wp\/v2\/comments?post=329"}],"version-history":[{"count":8,"href":"https:\/\/node.cat\/es\/wp-json\/wp\/v2\/pages\/329\/revisions"}],"predecessor-version":[{"id":1473,"href":"https:\/\/node.cat\/es\/wp-json\/wp\/v2\/pages\/329\/revisions\/1473"}],"wp:attachment":[{"href":"https:\/\/node.cat\/es\/wp-json\/wp\/v2\/media?parent=329"}],"curies":[{"name":"wp","href":"https:\/\/api.w.org\/{rel}","templated":true}]}}