{"id":327,"date":"2017-02-21T12:38:18","date_gmt":"2017-02-21T11:38:18","guid":{"rendered":"http:\/\/develop.docbarcelona.com\/nodetopografia\/?page_id=327"},"modified":"2017-04-24T08:23:50","modified_gmt":"2017-04-24T07:23:50","slug":"avis-legal","status":"publish","type":"page","link":"https:\/\/node.cat\/es\/avis-legal\/","title":{"rendered":"Aviso legal"},"content":{"rendered":"<h1>AVISO LEGAL<\/h1>\n<p>Queda totalmente prohibido cualquier uso comercial, divulgativo, o de publicaci\u00f3n en cualquier formato (libros, cat\u00e1logos, revistas, CD, p\u00e1ginas web, etc.) de todo o parte del contenido de esta web sin el permiso previo por escrito del autor , de conformidad con el Real Decreto Legislativo 1\/1996, de 12 de abril, por el que se aprueba el texto refundido de la Ley de Propiedad Intelectual, siendo igualmente de aplicaci\u00f3n los tratados internacionales suscritos en la materia.<\/p>\n<p>Se proh\u00edbe expresamente la utilizaci\u00f3n de las im\u00e1genes contenidas sin el permiso previo por escrito del autor. En caso afirmativo, siempre se har\u00e1 constar claramente la procedencia de la informaci\u00f3n o de las im\u00e1genes.<\/p>\n<p>En caso de que las sociedades autoricen la reproducci\u00f3n de informaci\u00f3n o el uso de im\u00e1genes de la web, no podr\u00e1 efectuarse sin mencionar la fuente de la web oficial en lugar bien visible. Si la reproducci\u00f3n se hace en una web, se deber\u00e1 incluir tambi\u00e9n un enlace a la direcci\u00f3n www.develop.docbarcelona.com\/nodetopografia en el mismo texto. Las marcas o signos distintivos, logotipos y, en general, s\u00edmbolos distintivos de cualquier naturaleza que aparezcan en el sitio web son propiedad de las sociedades y est\u00e1n protegidos por la legislaci\u00f3n vigente aplicable.<\/p>\n","protected":false},"excerpt":{"rendered":"<p>AVISO LEGAL Queda totalmente prohibido cualquier uso comercial, divulgativo, o de publicaci\u00f3n en cualquier formato (libros, cat\u00e1logos, revistas, CD, p\u00e1ginas [&hellip;]<\/p>\n","protected":false},"author":1,"featured_media":0,"parent":0,"menu_order":0,"comment_status":"closed","ping_status":"closed","template":"","meta":{"inline_featured_image":false,"footnotes":""},"yoast_head":"<!-- This site is optimized with the Yoast SEO plugin v22.6 - https:\/\/yoast.com\/wordpress\/plugins\/seo\/ -->\n<title>Aviso legal - Node Topograf\u00eda<\/title>\n<meta name=\"robots\" content=\"index, follow, max-snippet:-1, max-image-preview:large, max-video-preview:-1\" \/>\n<link rel=\"canonical\" href=\"https:\/\/node.cat\/avis-legal\/\" \/>\n<meta property=\"og:locale\" content=\"es_ES\" \/>\n<meta property=\"og:type\" content=\"article\" \/>\n<meta property=\"og:title\" content=\"Aviso legal - Node Topograf\u00eda\" \/>\n<meta property=\"og:description\" content=\"AVISO LEGAL Queda totalmente prohibido cualquier uso comercial, divulgativo, o de publicaci\u00f3n en cualquier formato (libros, cat\u00e1logos, revistas, CD, p\u00e1ginas [&hellip;]\" \/>\n<meta property=\"og:url\" content=\"https:\/\/node.cat\/avis-legal\/\" \/>\n<meta property=\"og:site_name\" content=\"Node Topograf\u00eda\" \/>\n<meta property=\"article:modified_time\" content=\"2017-04-24T07:23:50+00:00\" \/>\n<meta name=\"twitter:card\" content=\"summary_large_image\" \/>\n<meta name=\"twitter:label1\" content=\"Tiempo de lectura\" \/>\n\t<meta name=\"twitter:data1\" content=\"1 minuto\" \/>\n<script type=\"application\/ld+json\" class=\"yoast-schema-graph\">{\"@context\":\"https:\/\/schema.org\",\"@graph\":[{\"@type\":\"WebPage\",\"@id\":\"https:\/\/node.cat\/avis-legal\/\",\"url\":\"https:\/\/node.cat\/avis-legal\/\",\"name\":\"Aviso legal - Node Topograf\u00eda\",\"isPartOf\":{\"@id\":\"https:\/\/node.cat\/#website\"},\"datePublished\":\"2017-02-21T11:38:18+00:00\",\"dateModified\":\"2017-04-24T07:23:50+00:00\",\"breadcrumb\":{\"@id\":\"https:\/\/node.cat\/avis-legal\/#breadcrumb\"},\"inLanguage\":\"es\",\"potentialAction\":[{\"@type\":\"ReadAction\",\"target\":[\"https:\/\/node.cat\/avis-legal\/\"]}]},{\"@type\":\"BreadcrumbList\",\"@id\":\"https:\/\/node.cat\/avis-legal\/#breadcrumb\",\"itemListElement\":[{\"@type\":\"ListItem\",\"position\":1,\"name\":\"Inici\",\"item\":\"https:\/\/node.cat\/es\/\"},{\"@type\":\"ListItem\",\"position\":2,\"name\":\"Aviso legal\"}]},{\"@type\":\"WebSite\",\"@id\":\"https:\/\/node.cat\/#website\",\"url\":\"https:\/\/node.cat\/\",\"name\":\"Node Topograf\u00eda\",\"description\":\"Servicios para profesionales, agentes de la construcci\u00f3n, promotores y particulares\",\"publisher\":{\"@id\":\"https:\/\/node.cat\/#organization\"},\"potentialAction\":[{\"@type\":\"SearchAction\",\"target\":{\"@type\":\"EntryPoint\",\"urlTemplate\":\"https:\/\/node.cat\/?s={search_term_string}\"},\"query-input\":\"required name=search_term_string\"}],\"inLanguage\":\"es\"},{\"@type\":\"Organization\",\"@id\":\"https:\/\/node.cat\/#organization\",\"name\":\"Node\",\"url\":\"https:\/\/node.cat\/\",\"logo\":{\"@type\":\"ImageObject\",\"inLanguage\":\"es\",\"@id\":\"https:\/\/node.cat\/#\/schema\/logo\/image\/\",\"url\":\"https:\/\/node.cat\/wp-content\/uploads\/2019\/02\/Node_topo.svg\",\"contentUrl\":\"https:\/\/node.cat\/wp-content\/uploads\/2019\/02\/Node_topo.svg\",\"width\":1,\"height\":1,\"caption\":\"Node\"},\"image\":{\"@id\":\"https:\/\/node.cat\/#\/schema\/logo\/image\/\"}}]}<\/script>\n<!-- \/ Yoast SEO plugin. -->","yoast_head_json":{"title":"Aviso legal - Node Topograf\u00eda","robots":{"index":"index","follow":"follow","max-snippet":"max-snippet:-1","max-image-preview":"max-image-preview:large","max-video-preview":"max-video-preview:-1"},"canonical":"https:\/\/node.cat\/avis-legal\/","og_locale":"es_ES","og_type":"article","og_title":"Aviso legal - Node Topograf\u00eda","og_description":"AVISO LEGAL Queda totalmente prohibido cualquier uso comercial, divulgativo, o de publicaci\u00f3n en cualquier formato (libros, cat\u00e1logos, revistas, CD, p\u00e1ginas [&hellip;]","og_url":"https:\/\/node.cat\/avis-legal\/","og_site_name":"Node Topograf\u00eda","article_modified_time":"2017-04-24T07:23:50+00:00","twitter_card":"summary_large_image","twitter_misc":{"Tiempo de lectura":"1 minuto"},"schema":{"@context":"https:\/\/schema.org","@graph":[{"@type":"WebPage","@id":"https:\/\/node.cat\/avis-legal\/","url":"https:\/\/node.cat\/avis-legal\/","name":"Aviso legal - Node Topograf\u00eda","isPartOf":{"@id":"https:\/\/node.cat\/#website"},"datePublished":"2017-02-21T11:38:18+00:00","dateModified":"2017-04-24T07:23:50+00:00","breadcrumb":{"@id":"https:\/\/node.cat\/avis-legal\/#breadcrumb"},"inLanguage":"es","potentialAction":[{"@type":"ReadAction","target":["https:\/\/node.cat\/avis-legal\/"]}]},{"@type":"BreadcrumbList","@id":"https:\/\/node.cat\/avis-legal\/#breadcrumb","itemListElement":[{"@type":"ListItem","position":1,"name":"Inici","item":"https:\/\/node.cat\/es\/"},{"@type":"ListItem","position":2,"name":"Aviso legal"}]},{"@type":"WebSite","@id":"https:\/\/node.cat\/#website","url":"https:\/\/node.cat\/","name":"Node Topograf\u00eda","description":"Servicios para profesionales, agentes de la construcci\u00f3n, promotores y particulares","publisher":{"@id":"https:\/\/node.cat\/#organization"},"potentialAction":[{"@type":"SearchAction","target":{"@type":"EntryPoint","urlTemplate":"https:\/\/node.cat\/?s={search_term_string}"},"query-input":"required name=search_term_string"}],"inLanguage":"es"},{"@type":"Organization","@id":"https:\/\/node.cat\/#organization","name":"Node","url":"https:\/\/node.cat\/","logo":{"@type":"ImageObject","inLanguage":"es","@id":"https:\/\/node.cat\/#\/schema\/logo\/image\/","url":"https:\/\/node.cat\/wp-content\/uploads\/2019\/02\/Node_topo.svg","contentUrl":"https:\/\/node.cat\/wp-content\/uploads\/2019\/02\/Node_topo.svg","width":1,"height":1,"caption":"Node"},"image":{"@id":"https:\/\/node.cat\/#\/schema\/logo\/image\/"}}]}},"_links":{"self":[{"href":"https:\/\/node.cat\/es\/wp-json\/wp\/v2\/pages\/327"}],"collection":[{"href":"https:\/\/node.cat\/es\/wp-json\/wp\/v2\/pages"}],"about":[{"href":"https:\/\/node.cat\/es\/wp-json\/wp\/v2\/types\/page"}],"author":[{"embeddable":true,"href":"https:\/\/node.cat\/es\/wp-json\/wp\/v2\/users\/1"}],"replies":[{"embeddable":true,"href":"https:\/\/node.cat\/es\/wp-json\/wp\/v2\/comments?post=327"}],"version-history":[{"count":3,"href":"https:\/\/node.cat\/es\/wp-json\/wp\/v2\/pages\/327\/revisions"}],"predecessor-version":[{"id":693,"href":"https:\/\/node.cat\/es\/wp-json\/wp\/v2\/pages\/327\/revisions\/693"}],"wp:attachment":[{"href":"https:\/\/node.cat\/es\/wp-json\/wp\/v2\/media?parent=327"}],"curies":[{"name":"wp","href":"https:\/\/api.w.org\/{rel}","templated":true}]}}